{"id":1037,"date":"2023-07-30T17:45:17","date_gmt":"2023-07-30T17:45:17","guid":{"rendered":"https:\/\/patris.ai\/?page_id=1037"},"modified":"2023-07-31T10:17:48","modified_gmt":"2023-07-31T10:17:48","slug":"impressum","status":"publish","type":"page","link":"https:\/\/patris.ai\/en\/impressum\/","title":{"rendered":"Impressum"},"content":{"rendered":"<p>[et_pb_section fb_built=&#8220;1&#8243; _builder_version=&#8220;4.21.0&#8243; _module_preset=&#8220;default&#8220; custom_padding=&#8220;120px||||false|false&#8220; locked=&#8220;off&#8220; global_colors_info=&#8220;{}&#8220;][et_pb_row _builder_version=&#8220;4.21.0&#8243; _module_preset=&#8220;default&#8220; width_tablet=&#8220;&#8220; width_phone=&#8220;90%&#8220; width_last_edited=&#8220;on|phone&#8220; global_colors_info=&#8220;{}&#8220;][et_pb_column type=&#8220;4_4&#8243; _builder_version=&#8220;4.21.0&#8243; _module_preset=&#8220;default&#8220; global_colors_info=&#8220;{}&#8220;][et_pb_text _builder_version=&#8220;4.21.0&#8243; _module_preset=&#8220;default&#8220; header_font=&#8220;Poppins|700|||||||&#8220; header_text_color=&#8220;#0536fc&#8220; header_font_size=&#8220;36px&#8220; header_letter_spacing=&#8220;-1.2px&#8220; header_line_height=&#8220;1.2em&#8220; global_colors_info=&#8220;{}&#8220;]<\/p>\n<h1>Impressum<\/h1>\n<h2>Angaben gem\u00e4\u00df \u00a7 5 TMG<\/h2>\n<p>Schipp &amp; Sohn UG<\/p>\n<p>Meinlohstr. 17<\/p>\n<p>89081 Ulm<\/p>\n<p>Handelsregister: HRB 744016<\/p>\n<p>Registergericht: Amtsgericht Ulm<\/p>\n<p><strong>Vertreten durch:<\/strong><\/p>\n<p>Gunnar Schipp<\/p>\n<h2>Contact<\/h2>\n<p>Telefon: +49 157 88723254<\/p>\n<p>E-Mail: mail@gunnarschipp.de<\/p>\n<h2>Umsatzsteuer-ID<\/h2>\n<p>Umsatzsteuer-Identifikationsnummer gem\u00e4\u00df \u00a7 27 a Umsatzsteuergesetz:<\/p>\n<p>DE341448147<\/p>\n<h2>Redaktionell verantwortlich<\/h2>\n<p>Schipp &amp; Sohn UG<\/p>\n<h2>EU-Streitschlichtung<\/h2>\n<p>Die Europ\u00e4ische Kommission stellt eine Plattform zur Online-Streitbeilegung (OS) bereit: <a href=\"https:\/\/ec.europa.eu\/consumers\/odr\/\" target=\"_blank\" rel=\"noopener noreferrer\">https:\/\/ec.europa.eu\/consumers\/odr\/<\/a>.<br \/>Unsere E-Mail-Adresse finden Sie oben im Impressum.<\/p>\n<h2>Verbraucher\u00adstreit\u00adbeilegung\/Universal\u00adschlichtungs\u00adstelle<\/h2>\n<p>Wir nehmen an einem Streitbeilegungsverfahren vor einer Verbraucherschlichtungsstelle teil. Zust\u00e4ndig ist die Universalschlichtungsstelle des Zentrums f\u00fcr Schlichtung e.V., Stra\u00dfburger Stra\u00dfe 8, 77694 Kehl am Rhein (<a href=\"https:\/\/www.verbraucher-schlichter.de\" rel=\"noopener noreferrer\" target=\"_blank\">https:\/\/www.verbraucher-schlichter.de<\/a>).<\/p>\n<p>[\/et_pb_text][\/et_pb_column][\/et_pb_row][\/et_pb_section]<\/p>","protected":false},"excerpt":{"rendered":"<p>Impressum Angaben gem\u00e4\u00df \u00a7 5 TMG Schipp &amp; Sohn UGMeinlohstr. 1789081 Ulm Handelsregister: HRB 744016Registergericht: Amtsgericht Ulm Vertreten durch:Gunnar Schipp Kontakt Telefon: +49 157 88723254E-Mail: mail@gunnarschipp.de Umsatzsteuer-ID Umsatzsteuer-Identifikationsnummer gem\u00e4\u00df \u00a7 27 a Umsatzsteuergesetz:DE341448147 Redaktionell verantwortlich Schipp &amp; Sohn UG EU-Streitschlichtung Die Europ\u00e4ische Kommission stellt eine Plattform zur Online-Streitbeilegung (OS) bereit: https:\/\/ec.europa.eu\/consumers\/odr\/.Unsere E-Mail-Adresse finden Sie oben [&hellip;]<\/p>","protected":false},"author":1,"featured_media":0,"parent":0,"menu_order":0,"comment_status":"closed","ping_status":"closed","template":"","meta":{"_et_pb_use_builder":"on","_et_pb_old_content":"","_et_gb_content_width":"","inline_featured_image":false,"footnotes":""},"dipi_cpt_category":[],"class_list":["post-1037","page","type-page","status-publish","hentry"],"yoast_head":"<!-- This site is optimized with the Yoast SEO plugin v20.12 - https:\/\/yoast.com\/wordpress\/plugins\/seo\/ -->\n<title>Impressum - patris<\/title>\n<meta name=\"robots\" content=\"noindex, nofollow\" \/>\n<meta property=\"og:locale\" content=\"en_US\" \/>\n<meta property=\"og:type\" content=\"article\" \/>\n<meta property=\"og:title\" content=\"Impressum - patris\" \/>\n<meta property=\"og:description\" content=\"Impressum Angaben gem\u00e4\u00df \u00a7 5 TMG Schipp &amp; Sohn UGMeinlohstr. 1789081 Ulm Handelsregister: HRB 744016Registergericht: Amtsgericht Ulm Vertreten durch:Gunnar Schipp Kontakt Telefon: +49 157 88723254E-Mail: mail@gunnarschipp.de Umsatzsteuer-ID Umsatzsteuer-Identifikationsnummer gem\u00e4\u00df \u00a7 27 a Umsatzsteuergesetz:DE341448147 Redaktionell verantwortlich Schipp &amp; Sohn UG EU-Streitschlichtung Die Europ\u00e4ische Kommission stellt eine Plattform zur Online-Streitbeilegung (OS) bereit: https:\/\/ec.europa.eu\/consumers\/odr\/.Unsere E-Mail-Adresse finden Sie oben [&hellip;]\" \/>\n<meta property=\"og:url\" content=\"https:\/\/patris.ai\/en\/impressum\/\" \/>\n<meta property=\"og:site_name\" content=\"patris\" \/>\n<meta property=\"article:modified_time\" content=\"2023-07-31T10:17:48+00:00\" \/>\n<meta name=\"twitter:card\" content=\"summary_large_image\" \/>\n<meta name=\"twitter:label1\" content=\"Est. reading time\" \/>\n\t<meta name=\"twitter:data1\" content=\"1 minute\" \/>\n<script type=\"application\/ld+json\" class=\"yoast-schema-graph\">{\"@context\":\"https:\/\/schema.org\",\"@graph\":[{\"@type\":\"WebPage\",\"@id\":\"https:\/\/patris.ai\/impressum\/\",\"url\":\"https:\/\/patris.ai\/impressum\/\",\"name\":\"Impressum - patris\",\"isPartOf\":{\"@id\":\"https:\/\/patris.ai\/#website\"},\"datePublished\":\"2023-07-30T17:45:17+00:00\",\"dateModified\":\"2023-07-31T10:17:48+00:00\",\"breadcrumb\":{\"@id\":\"https:\/\/patris.ai\/impressum\/#breadcrumb\"},\"inLanguage\":\"en-US\",\"potentialAction\":[{\"@type\":\"ReadAction\",\"target\":[\"https:\/\/patris.ai\/impressum\/\"]}]},{\"@type\":\"BreadcrumbList\",\"@id\":\"https:\/\/patris.ai\/impressum\/#breadcrumb\",\"itemListElement\":[{\"@type\":\"ListItem\",\"position\":1,\"name\":\"Startseite\",\"item\":\"https:\/\/patris.ai\/\"},{\"@type\":\"ListItem\",\"position\":2,\"name\":\"Impressum\"}]},{\"@type\":\"WebSite\",\"@id\":\"https:\/\/patris.ai\/#website\",\"url\":\"https:\/\/patris.ai\/\",\"name\":\"patris\",\"description\":\"Einfache KI L\u00f6sung f\u00fcr den Mittelstand\",\"potentialAction\":[{\"@type\":\"SearchAction\",\"target\":{\"@type\":\"EntryPoint\",\"urlTemplate\":\"https:\/\/patris.ai\/?s={search_term_string}\"},\"query-input\":\"required name=search_term_string\"}],\"inLanguage\":\"en-US\"}]}<\/script>\n<!-- \/ Yoast SEO plugin. -->","yoast_head_json":{"title":"Impressum - patris","robots":{"index":"noindex","follow":"nofollow"},"og_locale":"en_US","og_type":"article","og_title":"Impressum - patris","og_description":"Impressum Angaben gem\u00e4\u00df \u00a7 5 TMG Schipp &amp; Sohn UGMeinlohstr. 1789081 Ulm Handelsregister: HRB 744016Registergericht: Amtsgericht Ulm Vertreten durch:Gunnar Schipp Kontakt Telefon: +49 157 88723254E-Mail: mail@gunnarschipp.de Umsatzsteuer-ID Umsatzsteuer-Identifikationsnummer gem\u00e4\u00df \u00a7 27 a Umsatzsteuergesetz:DE341448147 Redaktionell verantwortlich Schipp &amp; Sohn UG EU-Streitschlichtung Die Europ\u00e4ische Kommission stellt eine Plattform zur Online-Streitbeilegung (OS) bereit: https:\/\/ec.europa.eu\/consumers\/odr\/.Unsere E-Mail-Adresse finden Sie oben [&hellip;]","og_url":"https:\/\/patris.ai\/en\/impressum\/","og_site_name":"patris","article_modified_time":"2023-07-31T10:17:48+00:00","twitter_card":"summary_large_image","twitter_misc":{"Est. reading time":"1 minute"},"schema":{"@context":"https:\/\/schema.org","@graph":[{"@type":"WebPage","@id":"https:\/\/patris.ai\/impressum\/","url":"https:\/\/patris.ai\/impressum\/","name":"Impressum - patris","isPartOf":{"@id":"https:\/\/patris.ai\/#website"},"datePublished":"2023-07-30T17:45:17+00:00","dateModified":"2023-07-31T10:17:48+00:00","breadcrumb":{"@id":"https:\/\/patris.ai\/impressum\/#breadcrumb"},"inLanguage":"en-US","potentialAction":[{"@type":"ReadAction","target":["https:\/\/patris.ai\/impressum\/"]}]},{"@type":"BreadcrumbList","@id":"https:\/\/patris.ai\/impressum\/#breadcrumb","itemListElement":[{"@type":"ListItem","position":1,"name":"Startseite","item":"https:\/\/patris.ai\/"},{"@type":"ListItem","position":2,"name":"Impressum"}]},{"@type":"WebSite","@id":"https:\/\/patris.ai\/#website","url":"https:\/\/patris.ai\/","name":"patris","description":"Einfache KI L\u00f6sung f\u00fcr den Mittelstand","potentialAction":[{"@type":"SearchAction","target":{"@type":"EntryPoint","urlTemplate":"https:\/\/patris.ai\/?s={search_term_string}"},"query-input":"required name=search_term_string"}],"inLanguage":"en-US"}]}},"_links":{"self":[{"href":"https:\/\/patris.ai\/en\/wp-json\/wp\/v2\/pages\/1037","targetHints":{"allow":["GET"]}}],"collection":[{"href":"https:\/\/patris.ai\/en\/wp-json\/wp\/v2\/pages"}],"about":[{"href":"https:\/\/patris.ai\/en\/wp-json\/wp\/v2\/types\/page"}],"author":[{"embeddable":true,"href":"https:\/\/patris.ai\/en\/wp-json\/wp\/v2\/users\/1"}],"replies":[{"embeddable":true,"href":"https:\/\/patris.ai\/en\/wp-json\/wp\/v2\/comments?post=1037"}],"version-history":[{"count":3,"href":"https:\/\/patris.ai\/en\/wp-json\/wp\/v2\/pages\/1037\/revisions"}],"predecessor-version":[{"id":1041,"href":"https:\/\/patris.ai\/en\/wp-json\/wp\/v2\/pages\/1037\/revisions\/1041"}],"wp:attachment":[{"href":"https:\/\/patris.ai\/en\/wp-json\/wp\/v2\/media?parent=1037"}],"wp:term":[{"taxonomy":"dipi_cpt_category","embeddable":true,"href":"https:\/\/patris.ai\/en\/wp-json\/wp\/v2\/dipi_cpt_category?post=1037"}],"curies":[{"name":"wp","href":"https:\/\/api.w.org\/{rel}","templated":true}]}}