{"id":1561,"date":"2023-10-24T16:49:15","date_gmt":"2023-10-24T16:49:15","guid":{"rendered":"https:\/\/patris.ai\/?page_id=1561"},"modified":"2023-10-24T17:14:03","modified_gmt":"2023-10-24T17:14:03","slug":"prompting-prompt-enigneering-pompts","status":"publish","type":"page","link":"https:\/\/patris.ai\/en\/blog\/prompting-prompt-enigneering-pompts\/","title":{"rendered":"Prompting: So gelingen Prompts einfach und effizient"},"content":{"rendered":"<p>[et_pb_section fb_built=&#8220;1&#8243; _builder_version=&#8220;4.21.0&#8243; _module_preset=&#8220;default&#8220; use_background_color_gradient=&#8220;on&#8220; background_color_gradient_direction=&#8220;360deg&#8220; background_color_gradient_stops=&#8220;#000000 0%|rgba(255,255,255,0) 99%&#8220; background_color_gradient_overlays_image=&#8220;on&#8220; background_image=&#8220;https:\/\/patris.ai\/wp-content\/uploads\/2023\/10\/christin-hume-mfB1B1s4sMc-unsplash.jpg&#8220; height=&#8220;40vh&#8220; custom_padding=&#8220;20vh||||false|false&#8220; global_colors_info=&#8220;{}&#8220;][et_pb_row _builder_version=&#8220;4.21.0&#8243; _module_preset=&#8220;default&#8220; global_colors_info=&#8220;{}&#8220;][et_pb_column type=&#8220;4_4&#8243; _builder_version=&#8220;4.21.0&#8243; _module_preset=&#8220;default&#8220; global_colors_info=&#8220;{}&#8220;][et_pb_text _builder_version=&#8220;4.21.0&#8243; _module_preset=&#8220;default&#8220; header_font=&#8220;Poppins|700|||||||&#8220; header_text_color=&#8220;#FFFFFF&#8220; header_font_size=&#8220;40px&#8220; header_letter_spacing=&#8220;-1.2px&#8220; header_line_height=&#8220;1.2em&#8220; global_colors_info=&#8220;{}&#8220;]<\/p>\n<h1><span>Die Kunst des Prompting: Leitfaden zur Erstellung perfekter Prompts<\/span><\/h1>\n<p>[\/et_pb_text][\/et_pb_column][\/et_pb_row][\/et_pb_section][et_pb_section fb_built=&#8220;1&#8243; _builder_version=&#8220;4.21.0&#8243; _module_preset=&#8220;default&#8220; custom_padding=&#8220;50px||||false|false&#8220; locked=&#8220;off&#8220; global_colors_info=&#8220;{}&#8220;][et_pb_row _builder_version=&#8220;4.21.0&#8243; _module_preset=&#8220;default&#8220; width_tablet=&#8220;&#8220; width_phone=&#8220;90%&#8220; width_last_edited=&#8220;on|phone&#8220; custom_padding=&#8220;0px||||false|false&#8220; global_colors_info=&#8220;{}&#8220;][et_pb_column type=&#8220;4_4&#8243; _builder_version=&#8220;4.21.0&#8243; _module_preset=&#8220;default&#8220; global_colors_info=&#8220;{}&#8220;][et_pb_text _builder_version=&#8220;4.21.0&#8243; _module_preset=&#8220;default&#8220; text_text_color=&#8220;#000000&#8243; text_font_size=&#8220;17px&#8220; text_line_height=&#8220;1.8em&#8220; global_colors_info=&#8220;{}&#8220;]<\/p>\n<p><em>Prompting<\/em><span> ist ein zentraler Begriff in der Welt der K\u00fcnstlichen Intelligenz und der Sprachtechnologie, insbesondere f\u00fcr <\/span><em>Language Model Learning Machines<\/em><span> (LLMs). In diesem Artikel werden wir die Bedeutung des Prompting, die Rolle eines <\/span><em>Prompt Engineers<\/em><span> und die innovative Technologie des <\/span><em>Patris Auto-Prompt Tools<\/em><span> untersuchen, das das Erstellen perfekter Prompts automatisiert.<\/span><\/p>\n<p>[\/et_pb_text][et_pb_text _builder_version=&#8220;4.21.0&#8243; _module_preset=&#8220;default&#8220; header_font=&#8220;Poppins|700|||||||&#8220; header_text_color=&#8220;#0536fc&#8220; header_font_size=&#8220;36px&#8220; header_letter_spacing=&#8220;-1.2px&#8220; header_line_height=&#8220;1.2em&#8220; custom_margin=&#8220;||10px||false|false&#8220; global_colors_info=&#8220;{}&#8220;]<\/p>\n<h2><strong>Was ist Prompting?<\/strong><\/h2>\n<p>[\/et_pb_text][et_pb_text _builder_version=&#8220;4.21.0&#8243; _module_preset=&#8220;default&#8220; text_text_color=&#8220;#000000&#8243; text_font_size=&#8220;17px&#8220; text_line_height=&#8220;1.8em&#8220; global_colors_info=&#8220;{}&#8220;]<\/p>\n<p><span>Prompting ist urspr\u00fcnglich bekannt als eine Verhaltenshilfe in der Verhaltenstherapie, die zum Aufbau von erw\u00fcnschtem Verhalten dient. Es beinhaltet verbale oder verhaltensm\u00e4\u00dfige Hilfestellungen, die die Aufmerksamkeit des Lernenden auf das gew\u00fcnschte Verhalten lenken sollen\u200b<\/span><span>\u200b. Im Kontext der KI und LLMs wird der Begriff verwendet, um den Prozess zu beschreiben, durch den Nutzeranfragen oder -eingaben in eine Form \u00fcbersetzt werden, die von LLMs leicht verstanden und verarbeitet werden kann.<\/span><\/p>\n<p>[\/et_pb_text][et_pb_text _builder_version=&#8220;4.21.0&#8243; _module_preset=&#8220;default&#8220; header_font=&#8220;Poppins|700|||||||&#8220; header_text_color=&#8220;#0536fc&#8220; header_font_size=&#8220;36px&#8220; header_letter_spacing=&#8220;-1.2px&#8220; header_line_height=&#8220;1.2em&#8220; custom_margin=&#8220;||10px||false|false&#8220; global_colors_info=&#8220;{}&#8220;]<\/p>\n<h2><strong>Die Rolle des Prompt Engineers<\/strong><\/h2>\n<p>[\/et_pb_text][et_pb_text _builder_version=&#8220;4.21.0&#8243; _module_preset=&#8220;default&#8220; text_text_color=&#8220;#000000&#8243; text_font_size=&#8220;17px&#8220; text_line_height=&#8220;1.8em&#8220; global_colors_info=&#8220;{}&#8220;]<\/p>\n<p><em>Prompt Engineering<\/em><span> ist eine relativ neue Disziplin, die sich mit der Entwicklung und Optimierung von Prompts befasst, um LLMs effizient f\u00fcr eine Vielzahl von Anwendungen und Forschungsthemen zu nutzen\u200b<\/span><span class=\"\" data-state=\"closed\"><\/span><span>. Ein <\/span><em>Prompt Engineer<\/em><span> ist ein Experte, der das Know-how und die F\u00e4higkeiten besitzt, um hochwertige Prompts zu erstellen, die die Leistung von LLMs optimieren.<\/span><\/p>\n<p>[\/et_pb_text][et_pb_text _builder_version=&#8220;4.21.0&#8243; _module_preset=&#8220;default&#8220; header_font=&#8220;Poppins|700|||||||&#8220; header_text_color=&#8220;#0536fc&#8220; header_font_size=&#8220;36px&#8220; header_letter_spacing=&#8220;-1.2px&#8220; header_line_height=&#8220;1.2em&#8220; custom_margin=&#8220;||10px||false|false&#8220; global_colors_info=&#8220;{}&#8220;]<\/p>\n<h2><strong>Die Bedeutung von qualitativ hochwertigem Prompting<\/strong><\/h2>\n<p>[\/et_pb_text][et_pb_text _builder_version=&#8220;4.21.0&#8243; _module_preset=&#8220;default&#8220; text_text_color=&#8220;#000000&#8243; text_font_size=&#8220;17px&#8220; text_line_height=&#8220;1.8em&#8220; global_colors_info=&#8220;{}&#8220;]<\/p>\n<p><span>Ein gut konzipiertes Prompting-System kann die Effizienz und Genauigkeit von LLMs erheblich verbessern, was letztlich zu besseren Nutzererfahrungen f\u00fchrt.<\/span><\/p>\n<p>[\/et_pb_text][et_pb_text _builder_version=&#8220;4.21.0&#8243; _module_preset=&#8220;default&#8220; header_font=&#8220;Poppins|700|||||||&#8220; header_text_color=&#8220;#0536fc&#8220; header_font_size=&#8220;36px&#8220; header_letter_spacing=&#8220;-1.2px&#8220; header_line_height=&#8220;1.2em&#8220; custom_margin=&#8220;||10px||false|false&#8220; global_colors_info=&#8220;{}&#8220;]<\/p>\n<h2><strong>Automatisiertes Prompting mit dem Patris Auto-Prompt<\/strong><\/h2>\n<p>[\/et_pb_text][et_pb_text _builder_version=&#8220;4.21.0&#8243; _module_preset=&#8220;default&#8220; text_text_color=&#8220;#000000&#8243; text_font_size=&#8220;17px&#8220; text_line_height=&#8220;1.8em&#8220; global_colors_info=&#8220;{}&#8220;]<\/p>\n<p><span>Der Patris Auto-Prompt ist ein revolution\u00e4res Tool, das den Prozess der Prompt-Erstellung automatisiert. Durch die Nutzung von fortschrittlichen Algorithmen kann dieses Tool perfekte Prompts erstellen, die die Leistung Ihrer LLMs optimieren.<\/span><\/p>\n<p>[\/et_pb_text][\/et_pb_column][\/et_pb_row][\/et_pb_section]<\/p>","protected":false},"excerpt":{"rendered":"<p>Die Kunst des Prompting: Leitfaden zur Erstellung perfekter PromptsPrompting ist ein zentraler Begriff in der Welt der K\u00fcnstlichen Intelligenz und der Sprachtechnologie, insbesondere f\u00fcr Language Model Learning Machines (LLMs). In diesem Artikel werden wir die Bedeutung des Prompting, die Rolle eines Prompt Engineers und die innovative Technologie des Patris Auto-Prompt Tools untersuchen, das das Erstellen [&hellip;]<\/p>","protected":false},"author":1,"featured_media":1584,"parent":608,"menu_order":0,"comment_status":"closed","ping_status":"closed","template":"","meta":{"_et_pb_use_builder":"on","_et_pb_old_content":"","_et_gb_content_width":"","inline_featured_image":false,"footnotes":""},"dipi_cpt_category":[],"class_list":["post-1561","page","type-page","status-publish","has-post-thumbnail","hentry"],"yoast_head":"<!-- This site is optimized with the Yoast SEO plugin v20.12 - https:\/\/yoast.com\/wordpress\/plugins\/seo\/ -->\n<title>Prompting: So gelingen Prompts einfach und effizient<\/title>\n<meta name=\"description\" content=\"Entfalten Sie das Potenzial von Prompting, um Kommunikation, Lernen und Interaktion mit KI-Systemen zu verbessern.\" \/>\n<meta name=\"robots\" content=\"index, follow, max-snippet:-1, max-image-preview:large, max-video-preview:-1\" \/>\n<link rel=\"canonical\" href=\"https:\/\/patris.ai\/en\/blog\/prompting-prompt-enigneering-pompts\/\" \/>\n<meta property=\"og:locale\" content=\"en_US\" \/>\n<meta property=\"og:type\" content=\"article\" \/>\n<meta property=\"og:title\" content=\"Prompting: So gelingen Prompts einfach und effizient\" \/>\n<meta property=\"og:description\" content=\"Entfalten Sie das Potenzial von Prompting, um Kommunikation, Lernen und Interaktion mit KI-Systemen zu verbessern.\" \/>\n<meta property=\"og:url\" content=\"https:\/\/patris.ai\/en\/blog\/prompting-prompt-enigneering-pompts\/\" \/>\n<meta property=\"og:site_name\" content=\"patris\" \/>\n<meta property=\"article:modified_time\" content=\"2023-10-24T17:14:03+00:00\" \/>\n<meta property=\"og:image\" content=\"https:\/\/patris.ai\/wp-content\/uploads\/2023\/10\/christin-hume-mfB1B1s4sMc-unsplash.jpg\" \/>\n\t<meta property=\"og:image:width\" content=\"1920\" \/>\n\t<meta property=\"og:image:height\" content=\"1280\" \/>\n\t<meta property=\"og:image:type\" content=\"image\/jpeg\" \/>\n<meta name=\"twitter:card\" content=\"summary_large_image\" \/>\n<meta name=\"twitter:label1\" content=\"Est. reading time\" \/>\n\t<meta name=\"twitter:data1\" content=\"3 minutes\" \/>\n<script type=\"application\/ld+json\" class=\"yoast-schema-graph\">{\"@context\":\"https:\/\/schema.org\",\"@graph\":[{\"@type\":\"WebPage\",\"@id\":\"https:\/\/patris.ai\/blog\/prompting-prompt-enigneering-pompts\/\",\"url\":\"https:\/\/patris.ai\/blog\/prompting-prompt-enigneering-pompts\/\",\"name\":\"Prompting: So gelingen Prompts einfach und effizient\",\"isPartOf\":{\"@id\":\"https:\/\/patris.ai\/#website\"},\"datePublished\":\"2023-10-24T16:49:15+00:00\",\"dateModified\":\"2023-10-24T17:14:03+00:00\",\"description\":\"Entfalten Sie das Potenzial von Prompting, um Kommunikation, Lernen und Interaktion mit KI-Systemen zu verbessern.\",\"breadcrumb\":{\"@id\":\"https:\/\/patris.ai\/blog\/prompting-prompt-enigneering-pompts\/#breadcrumb\"},\"inLanguage\":\"en-US\",\"potentialAction\":[{\"@type\":\"ReadAction\",\"target\":[\"https:\/\/patris.ai\/blog\/prompting-prompt-enigneering-pompts\/\"]}]},{\"@type\":\"BreadcrumbList\",\"@id\":\"https:\/\/patris.ai\/blog\/prompting-prompt-enigneering-pompts\/#breadcrumb\",\"itemListElement\":[{\"@type\":\"ListItem\",\"position\":1,\"name\":\"Startseite\",\"item\":\"https:\/\/patris.ai\/\"},{\"@type\":\"ListItem\",\"position\":2,\"name\":\"Blog\",\"item\":\"https:\/\/patris.ai\/blog\/\"},{\"@type\":\"ListItem\",\"position\":3,\"name\":\"Prompting: So gelingen Prompts einfach und effizient\"}]},{\"@type\":\"WebSite\",\"@id\":\"https:\/\/patris.ai\/#website\",\"url\":\"https:\/\/patris.ai\/\",\"name\":\"patris\",\"description\":\"Einfache KI L\u00f6sung f\u00fcr den Mittelstand\",\"potentialAction\":[{\"@type\":\"SearchAction\",\"target\":{\"@type\":\"EntryPoint\",\"urlTemplate\":\"https:\/\/patris.ai\/?s={search_term_string}\"},\"query-input\":\"required name=search_term_string\"}],\"inLanguage\":\"en-US\"}]}<\/script>\n<!-- \/ Yoast SEO plugin. -->","yoast_head_json":{"title":"Prompting: So gelingen Prompts einfach und effizient","description":"Entfalten Sie das Potenzial von Prompting, um Kommunikation, Lernen und Interaktion mit KI-Systemen zu verbessern.","robots":{"index":"index","follow":"follow","max-snippet":"max-snippet:-1","max-image-preview":"max-image-preview:large","max-video-preview":"max-video-preview:-1"},"canonical":"https:\/\/patris.ai\/en\/blog\/prompting-prompt-enigneering-pompts\/","og_locale":"en_US","og_type":"article","og_title":"Prompting: So gelingen Prompts einfach und effizient","og_description":"Entfalten Sie das Potenzial von Prompting, um Kommunikation, Lernen und Interaktion mit KI-Systemen zu verbessern.","og_url":"https:\/\/patris.ai\/en\/blog\/prompting-prompt-enigneering-pompts\/","og_site_name":"patris","article_modified_time":"2023-10-24T17:14:03+00:00","og_image":[{"width":1920,"height":1280,"url":"https:\/\/patris.ai\/wp-content\/uploads\/2023\/10\/christin-hume-mfB1B1s4sMc-unsplash.jpg","type":"image\/jpeg"}],"twitter_card":"summary_large_image","twitter_misc":{"Est. reading time":"3 minutes"},"schema":{"@context":"https:\/\/schema.org","@graph":[{"@type":"WebPage","@id":"https:\/\/patris.ai\/blog\/prompting-prompt-enigneering-pompts\/","url":"https:\/\/patris.ai\/blog\/prompting-prompt-enigneering-pompts\/","name":"Prompting: So gelingen Prompts einfach und effizient","isPartOf":{"@id":"https:\/\/patris.ai\/#website"},"datePublished":"2023-10-24T16:49:15+00:00","dateModified":"2023-10-24T17:14:03+00:00","description":"Entfalten Sie das Potenzial von Prompting, um Kommunikation, Lernen und Interaktion mit KI-Systemen zu verbessern.","breadcrumb":{"@id":"https:\/\/patris.ai\/blog\/prompting-prompt-enigneering-pompts\/#breadcrumb"},"inLanguage":"en-US","potentialAction":[{"@type":"ReadAction","target":["https:\/\/patris.ai\/blog\/prompting-prompt-enigneering-pompts\/"]}]},{"@type":"BreadcrumbList","@id":"https:\/\/patris.ai\/blog\/prompting-prompt-enigneering-pompts\/#breadcrumb","itemListElement":[{"@type":"ListItem","position":1,"name":"Startseite","item":"https:\/\/patris.ai\/"},{"@type":"ListItem","position":2,"name":"Blog","item":"https:\/\/patris.ai\/blog\/"},{"@type":"ListItem","position":3,"name":"Prompting: So gelingen Prompts einfach und effizient"}]},{"@type":"WebSite","@id":"https:\/\/patris.ai\/#website","url":"https:\/\/patris.ai\/","name":"patris","description":"Einfache KI L\u00f6sung f\u00fcr den Mittelstand","potentialAction":[{"@type":"SearchAction","target":{"@type":"EntryPoint","urlTemplate":"https:\/\/patris.ai\/?s={search_term_string}"},"query-input":"required name=search_term_string"}],"inLanguage":"en-US"}]}},"_links":{"self":[{"href":"https:\/\/patris.ai\/en\/wp-json\/wp\/v2\/pages\/1561","targetHints":{"allow":["GET"]}}],"collection":[{"href":"https:\/\/patris.ai\/en\/wp-json\/wp\/v2\/pages"}],"about":[{"href":"https:\/\/patris.ai\/en\/wp-json\/wp\/v2\/types\/page"}],"author":[{"embeddable":true,"href":"https:\/\/patris.ai\/en\/wp-json\/wp\/v2\/users\/1"}],"replies":[{"embeddable":true,"href":"https:\/\/patris.ai\/en\/wp-json\/wp\/v2\/comments?post=1561"}],"version-history":[{"count":17,"href":"https:\/\/patris.ai\/en\/wp-json\/wp\/v2\/pages\/1561\/revisions"}],"predecessor-version":[{"id":1590,"href":"https:\/\/patris.ai\/en\/wp-json\/wp\/v2\/pages\/1561\/revisions\/1590"}],"up":[{"embeddable":true,"href":"https:\/\/patris.ai\/en\/wp-json\/wp\/v2\/pages\/608"}],"wp:featuredmedia":[{"embeddable":true,"href":"https:\/\/patris.ai\/en\/wp-json\/wp\/v2\/media\/1584"}],"wp:attachment":[{"href":"https:\/\/patris.ai\/en\/wp-json\/wp\/v2\/media?parent=1561"}],"wp:term":[{"taxonomy":"dipi_cpt_category","embeddable":true,"href":"https:\/\/patris.ai\/en\/wp-json\/wp\/v2\/dipi_cpt_category?post=1561"}],"curies":[{"name":"wp","href":"https:\/\/api.w.org\/{rel}","templated":true}]}}