{"id":2029,"date":"2023-11-24T10:56:16","date_gmt":"2023-11-24T10:56:16","guid":{"rendered":"https:\/\/patris.ai\/?page_id=2029"},"modified":"2024-04-07T20:00:11","modified_gmt":"2024-04-07T20:00:11","slug":"bvmw","status":"publish","type":"page","link":"https:\/\/patris.ai\/en\/bvmw\/","title":{"rendered":"bvmw"},"content":{"rendered":"<p>[et_pb_section fb_built=&#8220;1&#8243; _builder_version=&#8220;4.21.0&#8243; _module_preset=&#8220;default&#8220; background_color=&#8220;#FFFFFF&#8220; min_height=&#8220;80vh&#8220; custom_margin=&#8220;0px||||false|false&#8220; custom_padding=&#8220;10vh||||false|false&#8220; global_colors_info=&#8220;{}&#8220; da_is_popup=&#8220;off&#8220; da_exit_intent=&#8220;off&#8220; da_has_close=&#8220;on&#8220; da_alt_close=&#8220;off&#8220; da_dark_close=&#8220;off&#8220; da_not_modal=&#8220;on&#8220; da_is_singular=&#8220;off&#8220; da_with_loader=&#8220;off&#8220; da_has_shadow=&#8220;on&#8220; da_disable_devices=&#8220;off|off|off&#8220;][et_pb_row _builder_version=&#8220;4.21.0&#8243; _module_preset=&#8220;default&#8220; width=&#8220;640px&#8220; width_tablet=&#8220;100%&#8220; width_phone=&#8220;100%&#8220; width_last_edited=&#8220;on|phone&#8220; module_alignment=&#8220;center&#8220; custom_margin=&#8220;50px||||false|false&#8220; global_colors_info=&#8220;{}&#8220;][et_pb_column type=&#8220;4_4&#8243; _builder_version=&#8220;4.21.0&#8243; _module_preset=&#8220;default&#8220; global_colors_info=&#8220;{}&#8220;][et_pb_image src=&#8220;https:\/\/patris.ai\/wp-content\/uploads\/2023\/10\/2560px-Bundesverband_mittelstaendische_Wirtschaft_logo.svg.png&#8220; title_text=&#8220;2560px-Bundesverband_mittelst\u00e4ndische_Wirtschaft_logo.svg&#8220; _builder_version=&#8220;4.21.0&#8243; _module_preset=&#8220;default&#8220; width=&#8220;300px&#8220; width_tablet=&#8220;300px&#8220; width_phone=&#8220;50%&#8220; width_last_edited=&#8220;on|phone&#8220; module_alignment=&#8220;center&#8220; global_colors_info=&#8220;{}&#8220;][\/et_pb_image][et_pb_text _builder_version=&#8220;4.21.0&#8243; _module_preset=&#8220;default&#8220; text_font=&#8220;Signika Negative||||||||&#8220; text_font_size=&#8220;20px&#8220; width_tablet=&#8220;&#8220; width_phone=&#8220;90%&#8220; width_last_edited=&#8220;on|phone&#8220; module_alignment=&#8220;center&#8220; custom_margin=&#8220;50px||||false|false&#8220; custom_padding=&#8220;||||false|false&#8220; hover_enabled=&#8220;0&#8243; locked=&#8220;off&#8220; global_colors_info=&#8220;{}&#8220; sticky_enabled=&#8220;0&#8243;]<\/p>\n<p style=\"text-align: center;\">\u00dcber folgenden Button gelangen sie nach der Registrierung zur patris L\u00f6sung f\u00fcr Unternehmen. Die Registrierung ist kostenfrei und Sie k\u00f6nnen den sicheren KI Zugang f\u00fcr 7 Tage kostenfrei zum testen der besprochenen Use-Cases verwenden.<\/p>\n<p>[\/et_pb_text][et_pb_button button_url=&#8220;http:\/\/app.patris.ai\/subscription\/subscriptionOverview&#8220; button_text=&#8220;Zu den Workshop Use-Cases&#8220; button_alignment=&#8220;center&#8220; _builder_version=&#8220;4.21.0&#8243; _module_preset=&#8220;default&#8220; custom_button=&#8220;on&#8220; button_text_size=&#8220;18px&#8220; button_text_color=&#8220;#FFFFFF&#8220; button_bg_color=&#8220;#0036fc&#8220; button_border_width=&#8220;0px&#8220; button_border_color=&#8220;#FFFFFF&#8220; button_border_radius=&#8220;20px&#8220; button_font=&#8220;Signika Negative|500|||||||&#8220; button_use_icon=&#8220;off&#8220; custom_margin=&#8220;30px||50px||false|false&#8220; custom_padding=&#8220;10px|25px|10px|25px|true|true&#8220; hover_enabled=&#8220;0&#8243; custom_css_main_element=&#8220;-webkit-backdrop-filter: saturate(150%) blur(2px);||&#8220; locked=&#8220;off&#8220; global_colors_info=&#8220;{}&#8220; button_bg_color__hover_enabled=&#8220;on|hover&#8220; button_bg_color__hover=&#8220;#0028ba&#8220; button_bg_enable_color__hover=&#8220;on&#8220; button_text_color__hover_enabled=&#8220;on|hover&#8220; button_text_color__hover=&#8220;#FFFFFF&#8220; button_border_color__hover_enabled=&#8220;on|desktop&#8220; button_border_color__hover=&#8220;#141c33&#8243; transform_styles__hover_enabled=&#8220;on|hover&#8220; transform_scale__hover=&#8220;102%|102%&#8220; transform_scale__hover_enabled=&#8220;on|hover&#8220; transform_translate__hover_enabled=&#8220;on|desktop&#8220; transform_rotate__hover_enabled=&#8220;on|desktop&#8220; transform_skew__hover_enabled=&#8220;on|desktop&#8220; transform_origin__hover_enabled=&#8220;on|desktop&#8220; sticky_enabled=&#8220;0&#8243;][\/et_pb_button][et_pb_code _builder_version=&#8220;4.21.0&#8243; _module_preset=&#8220;default&#8220; global_colors_info=&#8220;{}&#8220;]<iframe loading=\"lazy\" src=\"https:\/\/docs.google.com\/forms\/d\/e\/1FAIpQLSdqOB5ptuyOVHCUs7ndFQYwfQ5R7-HEnAK0PEodLaQvxaQSDA\/viewform?embedded=true\" width=\"640\" height=\"1200\" frameborder=\"0\" marginheight=\"0\" marginwidth=\"0\">Wird geladen\u2026<\/iframe>[\/et_pb_code][\/et_pb_column][\/et_pb_row][\/et_pb_section]<\/p>","protected":false},"excerpt":{"rendered":"<p>\u00dcber folgenden Button gelangen sie nach der Registrierung zur patris L\u00f6sung f\u00fcr Unternehmen. Die Registrierung ist kostenfrei und Sie k\u00f6nnen den sicheren KI Zugang f\u00fcr 7 Tage kostenfrei zum testen der besprochenen Use-Cases verwenden.<\/p>","protected":false},"author":1,"featured_media":0,"parent":0,"menu_order":0,"comment_status":"closed","ping_status":"closed","template":"","meta":{"_et_pb_use_builder":"on","_et_pb_old_content":"","_et_gb_content_width":"","inline_featured_image":false,"footnotes":""},"dipi_cpt_category":[],"class_list":["post-2029","page","type-page","status-publish","hentry"],"yoast_head":"<!-- This site is optimized with the Yoast SEO plugin v20.12 - https:\/\/yoast.com\/wordpress\/plugins\/seo\/ -->\n<title>bvmw - patris<\/title>\n<meta name=\"robots\" content=\"index, follow, max-snippet:-1, max-image-preview:large, max-video-preview:-1\" \/>\n<link rel=\"canonical\" href=\"https:\/\/patris.ai\/en\/bvmw\/\" \/>\n<meta property=\"og:locale\" content=\"en_US\" \/>\n<meta property=\"og:type\" content=\"article\" \/>\n<meta property=\"og:title\" content=\"bvmw - patris\" \/>\n<meta property=\"og:description\" content=\"\u00dcber folgenden Button gelangen sie nach der Registrierung zur patris L\u00f6sung f\u00fcr Unternehmen. Die Registrierung ist kostenfrei und Sie k\u00f6nnen den sicheren KI Zugang f\u00fcr 7 Tage kostenfrei zum testen der besprochenen Use-Cases verwenden.\" \/>\n<meta property=\"og:url\" content=\"https:\/\/patris.ai\/en\/bvmw\/\" \/>\n<meta property=\"og:site_name\" content=\"patris\" \/>\n<meta property=\"article:modified_time\" content=\"2024-04-07T20:00:11+00:00\" \/>\n<meta name=\"twitter:card\" content=\"summary_large_image\" \/>\n<script type=\"application\/ld+json\" class=\"yoast-schema-graph\">{\"@context\":\"https:\/\/schema.org\",\"@graph\":[{\"@type\":\"WebPage\",\"@id\":\"https:\/\/patris.ai\/bvmw\/\",\"url\":\"https:\/\/patris.ai\/bvmw\/\",\"name\":\"bvmw - patris\",\"isPartOf\":{\"@id\":\"https:\/\/patris.ai\/#website\"},\"datePublished\":\"2023-11-24T10:56:16+00:00\",\"dateModified\":\"2024-04-07T20:00:11+00:00\",\"breadcrumb\":{\"@id\":\"https:\/\/patris.ai\/bvmw\/#breadcrumb\"},\"inLanguage\":\"en-US\",\"potentialAction\":[{\"@type\":\"ReadAction\",\"target\":[\"https:\/\/patris.ai\/bvmw\/\"]}]},{\"@type\":\"BreadcrumbList\",\"@id\":\"https:\/\/patris.ai\/bvmw\/#breadcrumb\",\"itemListElement\":[{\"@type\":\"ListItem\",\"position\":1,\"name\":\"Startseite\",\"item\":\"https:\/\/patris.ai\/\"},{\"@type\":\"ListItem\",\"position\":2,\"name\":\"bvmw\"}]},{\"@type\":\"WebSite\",\"@id\":\"https:\/\/patris.ai\/#website\",\"url\":\"https:\/\/patris.ai\/\",\"name\":\"patris\",\"description\":\"Einfache KI L\u00f6sung f\u00fcr den Mittelstand\",\"potentialAction\":[{\"@type\":\"SearchAction\",\"target\":{\"@type\":\"EntryPoint\",\"urlTemplate\":\"https:\/\/patris.ai\/?s={search_term_string}\"},\"query-input\":\"required name=search_term_string\"}],\"inLanguage\":\"en-US\"}]}<\/script>\n<!-- \/ Yoast SEO plugin. -->","yoast_head_json":{"title":"bvmw - patris","robots":{"index":"index","follow":"follow","max-snippet":"max-snippet:-1","max-image-preview":"max-image-preview:large","max-video-preview":"max-video-preview:-1"},"canonical":"https:\/\/patris.ai\/en\/bvmw\/","og_locale":"en_US","og_type":"article","og_title":"bvmw - patris","og_description":"\u00dcber folgenden Button gelangen sie nach der Registrierung zur patris L\u00f6sung f\u00fcr Unternehmen. Die Registrierung ist kostenfrei und Sie k\u00f6nnen den sicheren KI Zugang f\u00fcr 7 Tage kostenfrei zum testen der besprochenen Use-Cases verwenden.","og_url":"https:\/\/patris.ai\/en\/bvmw\/","og_site_name":"patris","article_modified_time":"2024-04-07T20:00:11+00:00","twitter_card":"summary_large_image","schema":{"@context":"https:\/\/schema.org","@graph":[{"@type":"WebPage","@id":"https:\/\/patris.ai\/bvmw\/","url":"https:\/\/patris.ai\/bvmw\/","name":"bvmw - patris","isPartOf":{"@id":"https:\/\/patris.ai\/#website"},"datePublished":"2023-11-24T10:56:16+00:00","dateModified":"2024-04-07T20:00:11+00:00","breadcrumb":{"@id":"https:\/\/patris.ai\/bvmw\/#breadcrumb"},"inLanguage":"en-US","potentialAction":[{"@type":"ReadAction","target":["https:\/\/patris.ai\/bvmw\/"]}]},{"@type":"BreadcrumbList","@id":"https:\/\/patris.ai\/bvmw\/#breadcrumb","itemListElement":[{"@type":"ListItem","position":1,"name":"Startseite","item":"https:\/\/patris.ai\/"},{"@type":"ListItem","position":2,"name":"bvmw"}]},{"@type":"WebSite","@id":"https:\/\/patris.ai\/#website","url":"https:\/\/patris.ai\/","name":"patris","description":"Einfache KI L\u00f6sung f\u00fcr den Mittelstand","potentialAction":[{"@type":"SearchAction","target":{"@type":"EntryPoint","urlTemplate":"https:\/\/patris.ai\/?s={search_term_string}"},"query-input":"required name=search_term_string"}],"inLanguage":"en-US"}]}},"_links":{"self":[{"href":"https:\/\/patris.ai\/en\/wp-json\/wp\/v2\/pages\/2029","targetHints":{"allow":["GET"]}}],"collection":[{"href":"https:\/\/patris.ai\/en\/wp-json\/wp\/v2\/pages"}],"about":[{"href":"https:\/\/patris.ai\/en\/wp-json\/wp\/v2\/types\/page"}],"author":[{"embeddable":true,"href":"https:\/\/patris.ai\/en\/wp-json\/wp\/v2\/users\/1"}],"replies":[{"embeddable":true,"href":"https:\/\/patris.ai\/en\/wp-json\/wp\/v2\/comments?post=2029"}],"version-history":[{"count":9,"href":"https:\/\/patris.ai\/en\/wp-json\/wp\/v2\/pages\/2029\/revisions"}],"predecessor-version":[{"id":5288,"href":"https:\/\/patris.ai\/en\/wp-json\/wp\/v2\/pages\/2029\/revisions\/5288"}],"wp:attachment":[{"href":"https:\/\/patris.ai\/en\/wp-json\/wp\/v2\/media?parent=2029"}],"wp:term":[{"taxonomy":"dipi_cpt_category","embeddable":true,"href":"https:\/\/patris.ai\/en\/wp-json\/wp\/v2\/dipi_cpt_category?post=2029"}],"curies":[{"name":"wp","href":"https:\/\/api.w.org\/{rel}","templated":true}]}}