{"id":2106,"date":"2023-12-01T14:43:04","date_gmt":"2023-12-01T14:43:04","guid":{"rendered":"https:\/\/patris.ai\/?page_id=2106"},"modified":"2023-12-01T17:29:04","modified_gmt":"2023-12-01T17:29:04","slug":"ki-kurse-2024-fuer-einsteiger-fortgeschrittene-alle-angebote","status":"publish","type":"page","link":"https:\/\/patris.ai\/en\/ki-kurse-2024-fuer-einsteiger-fortgeschrittene-alle-angebote\/","title":{"rendered":"KI Kurse 2024 f\u00fcr Einsteiger &#038; Fortgeschrittene &#8211; Alle Angebote"},"content":{"rendered":"<p>[et_pb_section fb_built=&#8220;1&#8243; _builder_version=&#8220;4.21.0&#8243; _module_preset=&#8220;default&#8220; use_background_color_gradient=&#8220;on&#8220; background_color_gradient_direction=&#8220;360deg&#8220; background_color_gradient_stops=&#8220;#000000 0%|rgba(255,255,255,0) 99%&#8220; background_color_gradient_overlays_image=&#8220;on&#8220; background_image=&#8220;https:\/\/patris.ai\/wp-content\/uploads\/2023\/12\/headway-5QgIuuBxKwM-unsplash.jpg&#8220; height=&#8220;45vh&#8220; custom_padding=&#8220;30vh||||false|false&#8220; global_colors_info=&#8220;{}&#8220;][et_pb_row _builder_version=&#8220;4.21.0&#8243; _module_preset=&#8220;default&#8220; custom_margin=&#8220;||0px||false|false&#8220; custom_padding=&#8220;||0px||false|false&#8220; global_colors_info=&#8220;{}&#8220;][et_pb_column type=&#8220;4_4&#8243; _builder_version=&#8220;4.21.0&#8243; _module_preset=&#8220;default&#8220; global_colors_info=&#8220;{}&#8220;][et_pb_text _builder_version=&#8220;4.21.0&#8243; _module_preset=&#8220;default&#8220; header_font=&#8220;Poppins|700|||||||&#8220; header_text_color=&#8220;#FFFFFF&#8220; header_font_size=&#8220;40px&#8220; header_letter_spacing=&#8220;-1.2px&#8220; header_line_height=&#8220;1.2em&#8220; global_colors_info=&#8220;{}&#8220;]<\/p>\n<h1>KI Kurse 2024 f\u00fcr Einsteiger &amp; Fortgeschrittene<\/h1>\n<p>[\/et_pb_text][\/et_pb_column][\/et_pb_row][\/et_pb_section][et_pb_section fb_built=&#8220;1&#8243; _builder_version=&#8220;4.21.0&#8243; _module_preset=&#8220;default&#8220; background_color=&#8220;#f9f9f9&#8243; custom_padding=&#8220;50px||||false|false&#8220; locked=&#8220;off&#8220; global_colors_info=&#8220;{}&#8220;][et_pb_row _builder_version=&#8220;4.21.0&#8243; _module_preset=&#8220;default&#8220; width_tablet=&#8220;&#8220; width_phone=&#8220;90%&#8220; width_last_edited=&#8220;on|phone&#8220; custom_padding=&#8220;0px||||false|false&#8220; global_colors_info=&#8220;{}&#8220;][et_pb_column type=&#8220;4_4&#8243; _builder_version=&#8220;4.21.0&#8243; _module_preset=&#8220;default&#8220; global_colors_info=&#8220;{}&#8220;][et_pb_text _builder_version=&#8220;4.21.0&#8243; _module_preset=&#8220;default&#8220; text_text_color=&#8220;#000000&#8243; text_font_size=&#8220;17px&#8220; text_line_height=&#8220;1.8em&#8220; global_colors_info=&#8220;{}&#8220;]<\/p>\n<p><span>Sie suchen nach den passenden KI Kursen? Hier finden Sie eine \u00dcbersicht aktueller Angebote f\u00fcr Einsteiger und Fortgeschrittene.<\/span><\/p>\n<p><span>K\u00fcnstliche Intelligenz ist eine der spannendsten Technologien unserer Zeit. Immer mehr Unternehmen setzen auf KI, um ihre Produkte und Prozesse zu verbessern. Daher steigt die Nachfrage nach KI-Experten. KI-Kurse und Weiterbildungsprogramme sind eine gute M\u00f6glichkeit, um KI-Wissen aufzubauen. <\/span><\/p>\n<p><span>In diesem Artikel soll ein \u00dcberblick \u00fcber aktuelle Angebote f\u00fcr KI-Weiterbildungen gegeben werden. Egal, ob man noch am Anfang steht oder schon Erfahrungen in KI gesammelt hat, hier findet man das passende Programm. Es werden KI-Grundlagenkurse, fortgeschrittene Spezialtrainings und Zertifikatskurse vorgestellt. Man erf\u00e4hrt, was die Angebote beinhalten und welche Vor- und Nachteile sie haben.<\/span><\/p>\n<p><span>So kann der ideale KI-Kurs gefunden werden, um die Karrierechancen in diesem Bereich zu verbessern. KI-Wissen ist gefragt &#8211; also los mit dem Vergleich der Weiterbildungsm\u00f6glichkeiten!<\/span><\/p>\n<p>[\/et_pb_text][et_pb_image alt=&#8220;KI Kurs KI Kurse Weiterbildung KI Weiterbildung K\u00fcnstliche Intelligenz KI Weiterbildung&#8220; title_text=&#8220;KI Kurs KI Kurse Weiterbildung KI Weiterbildung K\u00fcnstliche Intelligenz KI Weiterbildung&#8220; _builder_version=&#8220;4.21.0&#8243; _module_preset=&#8220;default&#8220; background_image=&#8220;https:\/\/patris.ai\/wp-content\/uploads\/2023\/12\/headway-5QgIuuBxKwM-unsplash.jpg&#8220; hover_enabled=&#8220;0&#8243; border_radii=&#8220;on|10px|10px|10px|10px&#8220; global_colors_info=&#8220;{}&#8220; custom_padding=&#8220;10vh||10vh||true|false&#8220; sticky_enabled=&#8220;0&#8243;][\/et_pb_image][et_pb_text _builder_version=&#8220;4.21.0&#8243; _module_preset=&#8220;default&#8220; header_font=&#8220;Poppins|700|||||||&#8220; header_text_color=&#8220;#0536fc&#8220; header_font_size=&#8220;36px&#8220; header_letter_spacing=&#8220;-1.2px&#8220; header_line_height=&#8220;1.2em&#8220; custom_margin=&#8220;||10px||false|false&#8220; global_colors_info=&#8220;{}&#8220;]<\/p>\n<h2><strong>KI Kurse &#8211; \u00dcbersicht der KI Weiterbildungsangebote<\/strong><\/h2>\n<p>[\/et_pb_text][\/et_pb_column][\/et_pb_row][et_pb_row _builder_version=&#8220;4.21.0&#8243; _module_preset=&#8220;default&#8220; background_color=&#8220;#FFFFFF&#8220; custom_padding=&#8220;3%|3%||3%|false|true&#8220; border_radii=&#8220;on|20px|20px|20px|20px&#8220; box_shadow_style=&#8220;preset1&#8243; box_shadow_vertical=&#8220;5px&#8220; box_shadow_blur=&#8220;17px&#8220; box_shadow_spread=&#8220;-6px&#8220; box_shadow_color=&#8220;rgba(0,0,0,0.25)&#8220; global_colors_info=&#8220;{}&#8220;][et_pb_column type=&#8220;4_4&#8243; _builder_version=&#8220;4.21.0&#8243; _module_preset=&#8220;default&#8220; global_colors_info=&#8220;{}&#8220;][et_pb_text _builder_version=&#8220;4.21.0&#8243; _module_preset=&#8220;default&#8220; header_3_text_color=&#8220;#0536fc&#8220; global_colors_info=&#8220;{}&#8220;]<\/p>\n<h3><strong>Fraunhofer Institut<\/strong><\/h3>\n<p>[\/et_pb_text][et_pb_text _builder_version=&#8220;4.21.0&#8243; _module_preset=&#8220;default&#8220; text_text_color=&#8220;#000000&#8243; text_font_size=&#8220;17px&#8220; text_line_height=&#8220;1.8em&#8220; global_colors_info=&#8220;{}&#8220;]<\/p>\n<p><span>Das Fraunhofer Institut bietet einen eint\u00e4gigen Kompaktkurs K\u00fcnstliche Intelligenz an. Dieser richtet sich an Einsteiger ohne Vorkenntnisse und bietet einen kompakten \u00dcberblick \u00fcber die Grundlagen von KI. <\/span><\/p>\n<p><span>In interaktiven Vortr\u00e4gen und \u00dcbungen werden Themen wie Definition von KI, wichtige Technologien, der Unterschied zwischen KI, Machine Learning und Deep Learning sowie Anwendungsbeispiele vermittelt. Ziel ist es, ein grundlegendes Verst\u00e4ndnis f\u00fcr K\u00fcnstliche Intelligenz zu entwickeln.<\/span><\/p>\n<p><span>Der Kurs wendet sich an Entscheider, F\u00fchrungskr\u00e4fte und Mitarbeiter aus verschiedenen Fachbereichen, die einen pragmatischen Einstieg in das Thema KI suchen. Er soll die Teilnehmer in die Lage versetzen, sich mit Experten \u00fcber KI-Themen auszutauschen und M\u00f6glichkeiten sowie Grenzen von KI-Technologien besser einsch\u00e4tzen zu k\u00f6nnen.<\/span><\/p>\n<p><span>Der Kurs kombiniert interaktive Online-Lerneinheiten am Vormittag mit vertiefenden Pr\u00e4senzelementen am Nachmittag. Er bietet damit eine Mischung aus Selbststudium und praxisnahem Austausch mit KI-Expertinnen und Experten des Fraunhofer Instituts.<\/span><\/p>\n<p>[\/et_pb_text][\/et_pb_column][\/et_pb_row][et_pb_row _builder_version=&#8220;4.21.0&#8243; _module_preset=&#8220;default&#8220; background_color=&#8220;#FFFFFF&#8220; custom_margin=&#8220;20px||||false|false&#8220; custom_padding=&#8220;3%|3%||3%|false|true&#8220; border_radii=&#8220;on|20px|20px|20px|20px&#8220; box_shadow_style=&#8220;preset1&#8243; box_shadow_vertical=&#8220;5px&#8220; box_shadow_blur=&#8220;17px&#8220; box_shadow_spread=&#8220;-6px&#8220; box_shadow_color=&#8220;rgba(0,0,0,0.25)&#8220; global_colors_info=&#8220;{}&#8220;][et_pb_column type=&#8220;4_4&#8243; _builder_version=&#8220;4.21.0&#8243; _module_preset=&#8220;default&#8220; global_colors_info=&#8220;{}&#8220;][et_pb_text _builder_version=&#8220;4.21.0&#8243; _module_preset=&#8220;default&#8220; header_3_text_color=&#8220;#0536fc&#8220; global_colors_info=&#8220;{}&#8220;]<\/p>\n<h3><strong>ISS Business School<\/strong><\/h3>\n<p>[\/et_pb_text][et_pb_text _builder_version=&#8220;4.21.0&#8243; _module_preset=&#8220;default&#8220; text_text_color=&#8220;#000000&#8243; text_font_size=&#8220;17px&#8220; text_line_height=&#8220;1.8em&#8220; global_colors_info=&#8220;{}&#8220;]<\/p>\n<p><span>Der KI Kurs &#8222;ChatGPT im Service&#8220; der ISS Business School vermittelt, wie ChatGPT und andere KI-Systeme gezielt f\u00fcr Service, Sales und Kundenkommunikation genutzt werden k\u00f6nnen.<\/span><\/p>\n<p><span>Inhalte: &#8211; Grundfunktionen von ChatGPT kennenlernen &#8211; Tipps f\u00fcr effizientes und zielgerichtetes Content Erstellen mit KI &#8211; Produktivit\u00e4tssteigerung durch KI in der Teamarbeit &#8211; Chancen und Risiken des KI-Einsatzes im Service<\/span><\/p>\n<p><span>Zielgruppe sind F\u00fchrungskr\u00e4fte und Mitarbeiter aus Service, Sales und Marketing. Der Workshop findet online statt und dauert einen halben Tag. <\/span><\/p>\n<p><span>Die ISS Business School ist spezialisiert auf Weiterbildungen rund um Service Management. Die Trainer verf\u00fcgen \u00fcber langj\u00e4hrige Praxiserfahrung in diesem Bereich.<\/span><\/p>\n<p><span>Mit dem Kurs sollen die Teilnehmer lernen, wie sie ChatGPT und andere KI-Systeme gezielt f\u00fcr eine schnellere und bessere Kundenkommunikation sowie interne Prozesse nutzen k\u00f6nnen, um die Produktivit\u00e4t im Service zu steigern.<\/span><\/p>\n<p>[\/et_pb_text][\/et_pb_column][\/et_pb_row][et_pb_row _builder_version=&#8220;4.21.0&#8243; _module_preset=&#8220;default&#8220; background_color=&#8220;#FFFFFF&#8220; custom_margin=&#8220;20px||||false|false&#8220; custom_padding=&#8220;3%|3%||3%|false|true&#8220; border_radii=&#8220;on|20px|20px|20px|20px&#8220; box_shadow_style=&#8220;preset1&#8243; box_shadow_vertical=&#8220;5px&#8220; box_shadow_blur=&#8220;17px&#8220; box_shadow_spread=&#8220;-6px&#8220; box_shadow_color=&#8220;rgba(0,0,0,0.25)&#8220; global_colors_info=&#8220;{}&#8220;][et_pb_column type=&#8220;4_4&#8243; _builder_version=&#8220;4.21.0&#8243; _module_preset=&#8220;default&#8220; global_colors_info=&#8220;{}&#8220;][et_pb_text _builder_version=&#8220;4.21.0&#8243; _module_preset=&#8220;default&#8220; header_3_text_color=&#8220;#0536fc&#8220; global_colors_info=&#8220;{}&#8220;]<\/p>\n<h3><strong>Haufe Akademie<\/strong><\/h3>\n<p>[\/et_pb_text][et_pb_text _builder_version=&#8220;4.21.0&#8243; _module_preset=&#8220;default&#8220; text_text_color=&#8220;#000000&#8243; text_font_size=&#8220;17px&#8220; text_line_height=&#8220;1.8em&#8220; global_colors_info=&#8220;{}&#8220;]<\/p>\n<p><span>Die Haufe Akademie bietet ein umfassendes Angebot an Seminaren, Trainings und Zertifikatskursen zum Thema K\u00fcnstliche Intelligenz. Die Angebote richten sich sowohl an Einsteiger als auch an Fortgeschrittene und decken verschiedene Schwerpunkte ab:<\/span><\/p>\n<p><span>&#8211; Grundlagenkurse: Vermittlung von Basiswissen zu KI-Konzepten, Technologien und Anwendungsf\u00e4llen &#8211; Spezialkurse: Vertiefung in Bereichen wie Machine Learning, Data Science, Predictive Analytics etc. &#8211; Strategiekurse: Fokus auf KI-Strategieentwicklung und Integration von KI im Unternehmen &#8211; Tools: Praktische Schulungen zu KI-Werkzeugen wie ChatGPT &#8211; Branchenspezifika: KI-Seminare speziell f\u00fcr Bereiche wie Marketing, Controlling, Recht etc.<\/span><\/p>\n<p><span>Die Kurse werden als Pr\u00e4senzveranstaltungen und Online-Trainings angeboten. Zudem gibt es Blended Learning Formate. Die Dauer reicht von eint\u00e4gigen Workshops bis hin zu mehrmonatigen Zertifikatslehrg\u00e4ngen. <\/span><\/p>\n<p><span>Als Teilnehmer erh\u00e4lt man praxisnahes Expertenwissen von Dozenten aus der Wirtschaft. Die Haufe Akademie legt Wert auf einen hohen Praxisbezug und Transfer in den Berufsalltag.<\/span><\/p>\n<p>[\/et_pb_text][\/et_pb_column][\/et_pb_row][et_pb_row _builder_version=&#8220;4.21.0&#8243; _module_preset=&#8220;default&#8220; background_color=&#8220;#FFFFFF&#8220; custom_margin=&#8220;20px||||false|false&#8220; custom_padding=&#8220;3%|3%||3%|false|true&#8220; border_radii=&#8220;on|20px|20px|20px|20px&#8220; box_shadow_style=&#8220;preset1&#8243; box_shadow_vertical=&#8220;5px&#8220; box_shadow_blur=&#8220;17px&#8220; box_shadow_spread=&#8220;-6px&#8220; box_shadow_color=&#8220;rgba(0,0,0,0.25)&#8220; global_colors_info=&#8220;{}&#8220;][et_pb_column type=&#8220;4_4&#8243; _builder_version=&#8220;4.21.0&#8243; _module_preset=&#8220;default&#8220; global_colors_info=&#8220;{}&#8220;][et_pb_text _builder_version=&#8220;4.21.0&#8243; _module_preset=&#8220;default&#8220; header_3_text_color=&#8220;#0536fc&#8220; global_colors_info=&#8220;{}&#8220;]<\/p>\n<h3><strong>IHK<\/strong><\/h3>\n<p>[\/et_pb_text][et_pb_text _builder_version=&#8220;4.21.0&#8243; _module_preset=&#8220;default&#8220; text_text_color=&#8220;#000000&#8243; text_font_size=&#8220;17px&#8220; text_line_height=&#8220;1.8em&#8220; global_colors_info=&#8220;{}&#8220;]<\/p>\n<p><span>Auch die Industrie- und Handelskammern bieten Kurse und Seminare im Bereich K\u00fcnstliche Intelligenz an. Die Angebote richten sich vor allem an Fach- und F\u00fchrungskr\u00e4fte aus der Wirtschaft. Die IHK-Weiterbildungen vermitteln einerseits Grundlagenwissen zu KI, andererseits aber auch konkrete Anwendungskompetenzen. Es gibt Kurse speziell zu Themen wie Machine Learning, Datenanalyse mit KI oder der Integration von KI-Systemen in Unternehmensprozesse. Die Seminare werden oft in Kooperation mit Hochschulen, Forschungseinrichtungen und Unternehmen entwickelt. Damit ist ein hoher Praxisbezug gew\u00e4hrleistet. Die IHK-Angebote erg\u00e4nzen die Weiterbildungsm\u00f6glichkeiten im KI-Bereich sinnvoll, speziell f\u00fcr Teilnehmer aus der gewerblichen Wirtschaft.<\/span><\/p>\n<p>[\/et_pb_text][\/et_pb_column][\/et_pb_row][et_pb_row _builder_version=&#8220;4.21.0&#8243; _module_preset=&#8220;default&#8220; width_tablet=&#8220;&#8220; width_phone=&#8220;90%&#8220; width_last_edited=&#8220;on|phone&#8220; custom_margin=&#8220;5%||||false|false&#8220; custom_padding=&#8220;0px||||false|false&#8220; global_colors_info=&#8220;{}&#8220;][et_pb_column type=&#8220;4_4&#8243; _builder_version=&#8220;4.21.0&#8243; _module_preset=&#8220;default&#8220; global_colors_info=&#8220;{}&#8220;][et_pb_text _builder_version=&#8220;4.21.0&#8243; _module_preset=&#8220;default&#8220; header_font=&#8220;Poppins|700|||||||&#8220; header_text_color=&#8220;#0536fc&#8220; header_font_size=&#8220;36px&#8220; header_letter_spacing=&#8220;-1.2px&#8220; header_line_height=&#8220;1.2em&#8220; custom_margin=&#8220;||10px||false|false&#8220; global_colors_info=&#8220;{}&#8220;]<\/p>\n<h2><strong>KI Kurse &#8211; <span>Vielfalt an KI-Weiterbildungsm\u00f6glichkeiten<\/span><\/strong><\/h2>\n<p>[\/et_pb_text][et_pb_text _builder_version=&#8220;4.21.0&#8243; _module_preset=&#8220;default&#8220; text_text_color=&#8220;#000000&#8243; text_font_size=&#8220;17px&#8220; text_line_height=&#8220;1.8em&#8220; global_colors_info=&#8220;{}&#8220;]<\/p>\n<p><span>Wie dieser \u00dcberblick zeigt, gibt es eine Vielzahl interessanter Angebote f\u00fcr KI-Weiterbildungen. Neben den hier vorgestellten Kursen und Seminaren von verschiedenen Anbietern existiert noch eine F\u00fclle weiterer M\u00f6glichkeiten, sich zum Thema K\u00fcnstliche Intelligenz weiterzubilden. <\/span><\/p>\n<p><span>Die Bandbreite reicht von kompakten Einsteigerkursen, die einen ersten \u00dcberblick verschaffen, bis hin zu umfangreichen Zertifikatskursen, in denen man sich vertieftes Expertenwissen aneignen kann. Die Kurse werden von Hochschulen, Forschungseinrichtungen, Online-Lernplattformen, Akademien und anderen Bildungsanbietern offeriert.<\/span><\/p>\n<p><span>Der Vorteil ist, dass f\u00fcr jeden Interessenten und jedes Wissensniveau passende Angebote zur Verf\u00fcgung stehen. So kann man gezielt die f\u00fcr die eigenen Bed\u00fcrfnisse am besten geeignete KI-Weiterbildung ausw\u00e4hlen und seine Karrierechancen in diesem zukunftstr\u00e4chtigen Bereich nachhaltig verbessern.<\/span><\/p>\n<p>[\/et_pb_text][\/et_pb_column][\/et_pb_row][\/et_pb_section]<\/p>","protected":false},"excerpt":{"rendered":"<p>KI Kurse 2024 f\u00fcr Einsteiger &amp; FortgeschritteneSie suchen nach den passenden KI Kursen? Hier finden Sie eine \u00dcbersicht aktueller Angebote f\u00fcr Einsteiger und Fortgeschrittene. K\u00fcnstliche Intelligenz ist eine der spannendsten Technologien unserer Zeit. Immer mehr Unternehmen setzen auf KI, um ihre Produkte und Prozesse zu verbessern. Daher steigt die Nachfrage nach KI-Experten. KI-Kurse und Weiterbildungsprogramme [&hellip;]<\/p>","protected":false},"author":1,"featured_media":0,"parent":0,"menu_order":0,"comment_status":"closed","ping_status":"closed","template":"","meta":{"_et_pb_use_builder":"on","_et_pb_old_content":"","_et_gb_content_width":"","inline_featured_image":false,"footnotes":""},"dipi_cpt_category":[],"class_list":["post-2106","page","type-page","status-publish","hentry"],"yoast_head":"<!-- This site is optimized with the Yoast SEO plugin v20.12 - https:\/\/yoast.com\/wordpress\/plugins\/seo\/ -->\n<title>KI Kurse 2024 f\u00fcr Einsteiger &amp; Fortgeschrittene - Alle Angebote<\/title>\n<meta name=\"robots\" content=\"index, follow, max-snippet:-1, max-image-preview:large, max-video-preview:-1\" \/>\n<link rel=\"canonical\" href=\"https:\/\/patris.ai\/en\/ki-kurse-2024-fuer-einsteiger-fortgeschrittene-alle-angebote\/\" \/>\n<meta property=\"og:locale\" content=\"en_US\" \/>\n<meta property=\"og:type\" content=\"article\" \/>\n<meta property=\"og:title\" content=\"KI Kurse 2024 f\u00fcr Einsteiger &amp; Fortgeschrittene - Alle Angebote\" \/>\n<meta property=\"og:description\" content=\"KI Kurse 2024 f\u00fcr Einsteiger &amp; FortgeschritteneSie suchen nach den passenden KI Kursen? Hier finden Sie eine \u00dcbersicht aktueller Angebote f\u00fcr Einsteiger und Fortgeschrittene. K\u00fcnstliche Intelligenz ist eine der spannendsten Technologien unserer Zeit. Immer mehr Unternehmen setzen auf KI, um ihre Produkte und Prozesse zu verbessern. Daher steigt die Nachfrage nach KI-Experten. KI-Kurse und Weiterbildungsprogramme [&hellip;]\" \/>\n<meta property=\"og:url\" content=\"https:\/\/patris.ai\/en\/ki-kurse-2024-fuer-einsteiger-fortgeschrittene-alle-angebote\/\" \/>\n<meta property=\"og:site_name\" content=\"patris\" \/>\n<meta property=\"article:modified_time\" content=\"2023-12-01T17:29:04+00:00\" \/>\n<meta name=\"twitter:card\" content=\"summary_large_image\" \/>\n<meta name=\"twitter:label1\" content=\"Est. reading time\" \/>\n\t<meta name=\"twitter:data1\" content=\"6 minutes\" \/>\n<script type=\"application\/ld+json\" class=\"yoast-schema-graph\">{\"@context\":\"https:\/\/schema.org\",\"@graph\":[{\"@type\":\"WebPage\",\"@id\":\"https:\/\/patris.ai\/ki-kurse-2024-fuer-einsteiger-fortgeschrittene-alle-angebote\/\",\"url\":\"https:\/\/patris.ai\/ki-kurse-2024-fuer-einsteiger-fortgeschrittene-alle-angebote\/\",\"name\":\"KI Kurse 2024 f\u00fcr Einsteiger & Fortgeschrittene - Alle Angebote\",\"isPartOf\":{\"@id\":\"https:\/\/patris.ai\/#website\"},\"datePublished\":\"2023-12-01T14:43:04+00:00\",\"dateModified\":\"2023-12-01T17:29:04+00:00\",\"breadcrumb\":{\"@id\":\"https:\/\/patris.ai\/ki-kurse-2024-fuer-einsteiger-fortgeschrittene-alle-angebote\/#breadcrumb\"},\"inLanguage\":\"en-US\",\"potentialAction\":[{\"@type\":\"ReadAction\",\"target\":[\"https:\/\/patris.ai\/ki-kurse-2024-fuer-einsteiger-fortgeschrittene-alle-angebote\/\"]}]},{\"@type\":\"BreadcrumbList\",\"@id\":\"https:\/\/patris.ai\/ki-kurse-2024-fuer-einsteiger-fortgeschrittene-alle-angebote\/#breadcrumb\",\"itemListElement\":[{\"@type\":\"ListItem\",\"position\":1,\"name\":\"Startseite\",\"item\":\"https:\/\/patris.ai\/\"},{\"@type\":\"ListItem\",\"position\":2,\"name\":\"KI Kurse 2024 f\u00fcr Einsteiger &#038; Fortgeschrittene &#8211; Alle Angebote\"}]},{\"@type\":\"WebSite\",\"@id\":\"https:\/\/patris.ai\/#website\",\"url\":\"https:\/\/patris.ai\/\",\"name\":\"patris\",\"description\":\"Einfache KI L\u00f6sung f\u00fcr den Mittelstand\",\"potentialAction\":[{\"@type\":\"SearchAction\",\"target\":{\"@type\":\"EntryPoint\",\"urlTemplate\":\"https:\/\/patris.ai\/?s={search_term_string}\"},\"query-input\":\"required name=search_term_string\"}],\"inLanguage\":\"en-US\"}]}<\/script>\n<!-- \/ Yoast SEO plugin. -->","yoast_head_json":{"title":"KI Kurse 2024 f\u00fcr Einsteiger & Fortgeschrittene - Alle Angebote","robots":{"index":"index","follow":"follow","max-snippet":"max-snippet:-1","max-image-preview":"max-image-preview:large","max-video-preview":"max-video-preview:-1"},"canonical":"https:\/\/patris.ai\/en\/ki-kurse-2024-fuer-einsteiger-fortgeschrittene-alle-angebote\/","og_locale":"en_US","og_type":"article","og_title":"KI Kurse 2024 f\u00fcr Einsteiger & Fortgeschrittene - Alle Angebote","og_description":"KI Kurse 2024 f\u00fcr Einsteiger &amp; FortgeschritteneSie suchen nach den passenden KI Kursen? Hier finden Sie eine \u00dcbersicht aktueller Angebote f\u00fcr Einsteiger und Fortgeschrittene. K\u00fcnstliche Intelligenz ist eine der spannendsten Technologien unserer Zeit. Immer mehr Unternehmen setzen auf KI, um ihre Produkte und Prozesse zu verbessern. Daher steigt die Nachfrage nach KI-Experten. KI-Kurse und Weiterbildungsprogramme [&hellip;]","og_url":"https:\/\/patris.ai\/en\/ki-kurse-2024-fuer-einsteiger-fortgeschrittene-alle-angebote\/","og_site_name":"patris","article_modified_time":"2023-12-01T17:29:04+00:00","twitter_card":"summary_large_image","twitter_misc":{"Est. reading time":"6 minutes"},"schema":{"@context":"https:\/\/schema.org","@graph":[{"@type":"WebPage","@id":"https:\/\/patris.ai\/ki-kurse-2024-fuer-einsteiger-fortgeschrittene-alle-angebote\/","url":"https:\/\/patris.ai\/ki-kurse-2024-fuer-einsteiger-fortgeschrittene-alle-angebote\/","name":"KI Kurse 2024 f\u00fcr Einsteiger & Fortgeschrittene - Alle Angebote","isPartOf":{"@id":"https:\/\/patris.ai\/#website"},"datePublished":"2023-12-01T14:43:04+00:00","dateModified":"2023-12-01T17:29:04+00:00","breadcrumb":{"@id":"https:\/\/patris.ai\/ki-kurse-2024-fuer-einsteiger-fortgeschrittene-alle-angebote\/#breadcrumb"},"inLanguage":"en-US","potentialAction":[{"@type":"ReadAction","target":["https:\/\/patris.ai\/ki-kurse-2024-fuer-einsteiger-fortgeschrittene-alle-angebote\/"]}]},{"@type":"BreadcrumbList","@id":"https:\/\/patris.ai\/ki-kurse-2024-fuer-einsteiger-fortgeschrittene-alle-angebote\/#breadcrumb","itemListElement":[{"@type":"ListItem","position":1,"name":"Startseite","item":"https:\/\/patris.ai\/"},{"@type":"ListItem","position":2,"name":"KI Kurse 2024 f\u00fcr Einsteiger &#038; Fortgeschrittene &#8211; Alle Angebote"}]},{"@type":"WebSite","@id":"https:\/\/patris.ai\/#website","url":"https:\/\/patris.ai\/","name":"patris","description":"Einfache KI L\u00f6sung f\u00fcr den Mittelstand","potentialAction":[{"@type":"SearchAction","target":{"@type":"EntryPoint","urlTemplate":"https:\/\/patris.ai\/?s={search_term_string}"},"query-input":"required name=search_term_string"}],"inLanguage":"en-US"}]}},"_links":{"self":[{"href":"https:\/\/patris.ai\/en\/wp-json\/wp\/v2\/pages\/2106","targetHints":{"allow":["GET"]}}],"collection":[{"href":"https:\/\/patris.ai\/en\/wp-json\/wp\/v2\/pages"}],"about":[{"href":"https:\/\/patris.ai\/en\/wp-json\/wp\/v2\/types\/page"}],"author":[{"embeddable":true,"href":"https:\/\/patris.ai\/en\/wp-json\/wp\/v2\/users\/1"}],"replies":[{"embeddable":true,"href":"https:\/\/patris.ai\/en\/wp-json\/wp\/v2\/comments?post=2106"}],"version-history":[{"count":21,"href":"https:\/\/patris.ai\/en\/wp-json\/wp\/v2\/pages\/2106\/revisions"}],"predecessor-version":[{"id":2145,"href":"https:\/\/patris.ai\/en\/wp-json\/wp\/v2\/pages\/2106\/revisions\/2145"}],"wp:attachment":[{"href":"https:\/\/patris.ai\/en\/wp-json\/wp\/v2\/media?parent=2106"}],"wp:term":[{"taxonomy":"dipi_cpt_category","embeddable":true,"href":"https:\/\/patris.ai\/en\/wp-json\/wp\/v2\/dipi_cpt_category?post=2106"}],"curies":[{"name":"wp","href":"https:\/\/api.w.org\/{rel}","templated":true}]}}