{"id":4329,"date":"2024-03-05T10:11:41","date_gmt":"2024-03-05T10:11:41","guid":{"rendered":"https:\/\/patris.ai\/?page_id=4329"},"modified":"2024-05-28T14:33:43","modified_gmt":"2024-05-28T14:33:43","slug":"whatsapp","status":"publish","type":"page","link":"https:\/\/patris.ai\/en\/whatsapp\/","title":{"rendered":"Whatsapp"},"content":{"rendered":"<p>[et_pb_section fb_built=&#8220;1&#8243; _builder_version=&#8220;4.21.0&#8243; _module_preset=&#8220;default&#8220; width_tablet=&#8220;&#8220; width_phone=&#8220;100%&#8220; width_last_edited=&#8220;on|phone&#8220; custom_margin=&#8220;16vh||||false|false&#8220; custom_margin_tablet=&#8220;16vh||||false|false&#8220; custom_margin_phone=&#8220;8vh||||false|false&#8220; custom_margin_last_edited=&#8220;on|phone&#8220; custom_padding=&#8220;0px||0px||false|false&#8220; da_disable_devices=&#8220;off|off|off&#8220; locked=&#8220;off&#8220; global_colors_info=&#8220;{}&#8220; da_is_popup=&#8220;off&#8220; da_exit_intent=&#8220;off&#8220; da_has_close=&#8220;on&#8220; da_alt_close=&#8220;off&#8220; da_dark_close=&#8220;off&#8220; da_not_modal=&#8220;on&#8220; da_is_singular=&#8220;off&#8220; da_with_loader=&#8220;off&#8220; da_has_shadow=&#8220;on&#8220;][et_pb_row _builder_version=&#8220;4.21.0&#8243; _module_preset=&#8220;default&#8220; width=&#8220;66%&#8220; width_tablet=&#8220;66%&#8220; width_phone=&#8220;90%&#8220; width_last_edited=&#8220;on|phone&#8220; custom_margin=&#8220;||||false|false&#8220; custom_padding=&#8220;0px||0px||false|false&#8220; global_colors_info=&#8220;{}&#8220;][et_pb_column type=&#8220;4_4&#8243; _builder_version=&#8220;4.21.0&#8243; _module_preset=&#8220;default&#8220; global_colors_info=&#8220;{}&#8220;][et_pb_text _builder_version=&#8220;4.21.0&#8243; _module_preset=&#8220;default&#8220; text_font=&#8220;Open Sans|500|||||||&#8220; text_text_color=&#8220;#000000&#8243; text_font_size=&#8220;18px&#8220; header_2_font=&#8220;Open Sans|700|||||||&#8220; header_2_font_size=&#8220;60px&#8220; header_2_letter_spacing=&#8220;-0.04em&#8220; header_2_line_height=&#8220;1.08em&#8220; header_3_font=&#8220;Open Sans|700|||||||&#8220; header_3_font_size=&#8220;45px&#8220; header_3_letter_spacing=&#8220;-0.04em&#8220; header_3_line_height=&#8220;1.08em&#8220; custom_margin=&#8220;0px||0px||false|false&#8220; custom_padding=&#8220;0px||0px||false|false&#8220; header_2_font_size_tablet=&#8220;60px&#8220; header_2_font_size_phone=&#8220;32px&#8220; header_2_font_size_last_edited=&#8220;on|phone&#8220; locked=&#8220;off&#8220; global_colors_info=&#8220;{}&#8220;]<\/p>\n<h2>WhatsApp KI-Assistent &#8222;Pat&#8220;<\/h2>\n<p>[\/et_pb_text][et_pb_text _builder_version=&#8220;4.21.0&#8243; _module_preset=&#8220;default&#8220; text_font=&#8220;Open Sans|600|||||||&#8220; text_text_color=&#8220;#86868b&#8220; text_font_size=&#8220;21px&#8220; text_letter_spacing=&#8220;-0.02em&#8220; text_line_height=&#8220;1.4em&#8220; custom_margin=&#8220;10px||0px||false|false&#8220; custom_padding=&#8220;0px||0px||false|false&#8220; text_font_size_tablet=&#8220;21px&#8220; text_font_size_phone=&#8220;17.5px&#8220; text_font_size_last_edited=&#8220;on|phone&#8220; locked=&#8220;off&#8220; global_colors_info=&#8220;{}&#8220;]<\/p>\n<p><span>Willkommen zu Ihrem pers\u00f6nlichen KI-Assistenten f\u00fcr WhatsApp! Mit &#8222;Pat&#8220; haben Sie die M\u00f6glichkeit, Ihre t\u00e4glichen Aufgaben direkt \u00fcber WhatsApp zu erledigen. Egal, ob Sie Bilder analysieren, Informationen aus dem Internet abrufen oder B\u00f6rsendaten abfragen m\u00f6chten &#8211; dieser KI-Assistent steht Ihnen jederzeit zur Verf\u00fcgung. Er basiert auf den leistungsst\u00e4rksten und datenschutzkonformen KI-Modellen, wie zum Beispiel Claude ChatGPT. Nutzen Sie die Vorteile der k\u00fcnstlichen Intelligenz und erleben Sie, wie einfach und effizient Ihr Alltag wird.<\/span><\/p>\n<p>[\/et_pb_text][\/et_pb_column][\/et_pb_row][\/et_pb_section][et_pb_section fb_built=&#8220;1&#8243; _builder_version=&#8220;4.21.0&#8243; _module_preset=&#8220;default&#8220; da_disable_devices=&#8220;off|off|off&#8220; global_colors_info=&#8220;{}&#8220; da_is_popup=&#8220;off&#8220; da_exit_intent=&#8220;off&#8220; da_has_close=&#8220;on&#8220; da_alt_close=&#8220;off&#8220; da_dark_close=&#8220;off&#8220; da_not_modal=&#8220;on&#8220; da_is_singular=&#8220;off&#8220; da_with_loader=&#8220;off&#8220; da_has_shadow=&#8220;on&#8220;][et_pb_row column_structure=&#8220;1_2,1_2&#8243; make_equal=&#8220;on&#8220; custom_padding_last_edited=&#8220;on|phone&#8220; module_id=&#8220;ki-mitarbeiter&#8220; _builder_version=&#8220;4.21.0&#8243; _module_preset=&#8220;default&#8220; background_color=&#8220;#faf3ea&#8220; background_image=&#8220;https:\/\/patris.ai\/wp-content\/uploads\/2024\/03\/65978.jpg&#8220; background_size=&#8220;custom&#8220; background_image_height=&#8220;90%&#8220; background_position=&#8220;bottom_right&#8220; background_vertical_offset=&#8220;0%&#8220; width=&#8220;96%&#8220; width_tablet=&#8220;96%&#8220; width_phone=&#8220;100%&#8220; width_last_edited=&#8220;on|phone&#8220; max_width=&#8220;1920px&#8220; min_height=&#8220;60vh&#8220; custom_margin=&#8220;20px||||false|false&#8220; custom_margin_tablet=&#8220;20px||||false|false&#8220; custom_margin_phone=&#8220;0px||||false|false&#8220; custom_margin_last_edited=&#8220;on|phone&#8220; custom_padding=&#8220;0px||0px||false|false&#8220; custom_padding_tablet=&#8220;0px||0px||false|false&#8220; custom_padding_phone=&#8220;8vh||0px||false|false&#8220; background_color_phone=&#8220;#faf3ea&#8220; background_last_edited=&#8220;on|phone&#8220; background_enable_color_phone=&#8220;on&#8220; background_enable_image_phone=&#8220;off&#8220; border_radii=&#8220;off|30px|30px|30px|30px&#8220; border_radii_tablet=&#8220;off|30px|30px|30px|30px&#8220; border_radii_phone=&#8220;off|0px|0px|0px|0px&#8220; border_radii_last_edited=&#8220;on|phone&#8220; locked=&#8220;off&#8220; global_colors_info=&#8220;{}&#8220;][et_pb_column type=&#8220;1_2&#8243; module_class=&#8220;vertical-align&#8220; _builder_version=&#8220;4.21.0&#8243; _module_preset=&#8220;default&#8220; custom_padding=&#8220;5%|5%|5%|5%|true|true&#8220; custom_padding_tablet=&#8220;5%|5%|5%|5%|true|true&#8220; custom_padding_phone=&#8220;0%|5%|0%|5%|true|true&#8220; custom_padding_last_edited=&#8220;on|phone&#8220; global_colors_info=&#8220;{}&#8220;][et_pb_text content_tablet=&#8220;<\/p>\n<h3 style=\"%22text-align:\" left;%22>Jetzt direkt<br \/>kostenlos starten<\/h3>\n<p>&#8220; content_phone=&#8220;<\/p>\n<h3 style=\"%22text-align:\" left;%22>Jetzt direkt kostenlos starten<\/h3>\n<p>&#8220; content_last_edited=&#8220;on|phone&#8220; _builder_version=&#8220;4.21.0&#8243; _module_preset=&#8220;default&#8220; text_font=&#8220;Open Sans|500|||||||&#8220; text_text_color=&#8220;#000000&#8243; text_font_size=&#8220;18px&#8220; header_3_font=&#8220;Open Sans|700|||||||&#8220; header_3_font_size=&#8220;42px&#8220; header_3_letter_spacing=&#8220;-0.04em&#8220; header_3_line_height=&#8220;1.08em&#8220; custom_margin=&#8220;0px||0px||false|false&#8220; custom_padding=&#8220;0px||0px||false|false&#8220; header_3_font_size_tablet=&#8220;42px&#8220; header_3_font_size_phone=&#8220;32px&#8220; header_3_font_size_last_edited=&#8220;on|phone&#8220; global_colors_info=&#8220;{}&#8220;]<\/p>\n<h3 style=\"text-align: left;\">Jetzt direkt<br \/>kostenlos starten<\/h3>\n<p>[\/et_pb_text][et_pb_text _builder_version=&#8220;4.21.0&#8243; _module_preset=&#8220;default&#8220; text_font=&#8220;Open Sans|600|||||||&#8220; text_text_color=&#8220;#86868b&#8220; text_font_size=&#8220;21px&#8220; text_letter_spacing=&#8220;-0.02em&#8220; text_line_height=&#8220;1.4em&#8220; custom_margin=&#8220;10px||0px||false|false&#8220; custom_padding=&#8220;0px||0px||false|false&#8220; text_font_size_tablet=&#8220;21px&#8220; text_font_size_phone=&#8220;17.5px&#8220; text_font_size_last_edited=&#8220;on|phone&#8220; global_colors_info=&#8220;{}&#8220;]<\/p>\n<p>Testen Sie Pat einfach kostenlos \u00fcber den folgenden QR-Code.<\/p>\n<p>[\/et_pb_text][et_pb_image src=&#8220;https:\/\/patris.ai\/wp-content\/uploads\/2024\/03\/adobe-express-qr-code.svg&#8220; title_text=&#8220;PAT QR code&#8220; disabled_on=&#8220;on|off|off&#8220; _builder_version=&#8220;4.21.0&#8243; _module_preset=&#8220;default&#8220; width=&#8220;220px&#8220; custom_margin=&#8220;20px||||false|false&#8220; border_radii=&#8220;on|20px|20px|20px|20px&#8220; global_colors_info=&#8220;{}&#8220;][\/et_pb_image][et_pb_button button_url=&#8220;https:\/\/patris.ai\/whatsapp\/ki-assistent\/&#8220; button_text=&#8220;Direkt in WhatsApp starten&#8220; _builder_version=&#8220;4.21.0&#8243; _module_preset=&#8220;default&#8220; custom_button=&#8220;on&#8220; button_text_size=&#8220;17px&#8220; button_text_color=&#8220;#FFFFFF&#8220; button_bg_color=&#8220;#0036fc&#8220; button_border_width=&#8220;0px&#8220; button_border_radius=&#8220;12px&#8220; button_font=&#8220;Open Sans|600|||||||&#8220; button_icon=&#8220;&#xf054;||fa||900&#8243; button_icon_color=&#8220;#FFFFFF&#8220; button_on_hover=&#8220;off&#8220; custom_margin=&#8220;0px||||false|false&#8220; custom_margin_tablet=&#8220;0px||||false|false&#8220; custom_margin_phone=&#8220;20px||||false|false&#8220; custom_margin_last_edited=&#8220;on|phone&#8220; custom_padding=&#8220;13px|23px|13px|23px|true|true&#8220; custom_css_after=&#8220;transform: rotate(-45deg);||margin-top:-0.7em;||margin-left: 0.3em!important;&#8220; global_colors_info=&#8220;{}&#8220; button_bg_color__hover_enabled=&#8220;on|hover&#8220; button_bg_color__hover=&#8220;#0b1d41&#8243; button_bg_enable_color__hover=&#8220;on&#8220;][\/et_pb_button][\/et_pb_column][et_pb_column type=&#8220;1_2&#8243; _builder_version=&#8220;4.21.0&#8243; _module_preset=&#8220;default&#8220; background_enable_image=&#8220;off&#8220; background_size=&#8220;contain&#8220; background_position=&#8220;bottom_right&#8220; custom_padding=&#8220;|||5%|false|false&#8220; custom_padding_tablet=&#8220;|||5%|false|false&#8220; custom_padding_phone=&#8220;||||false|false&#8220; custom_padding_last_edited=&#8220;on|phone&#8220; background_last_edited=&#8220;on|phone&#8220; background_enable_image_phone=&#8220;off&#8220; global_colors_info=&#8220;{}&#8220; custom_css_main_element_last_edited=&#8220;off|phone&#8220;][et_pb_image src=&#8220;https:\/\/patris.ai\/wp-content\/uploads\/2024\/03\/65978.jpg&#8220; title_text=&#8220;65978&#8243; disabled_on=&#8220;off|on|on&#8220; _builder_version=&#8220;4.21.0&#8243; _module_preset=&#8220;default&#8220; global_colors_info=&#8220;{}&#8220;][\/et_pb_image][\/et_pb_column][\/et_pb_row][\/et_pb_section]<\/p>","protected":false},"excerpt":{"rendered":"<p>WhatsApp KI-Assistent &#8222;Pat&#8220;Willkommen zu Ihrem pers\u00f6nlichen KI-Assistenten f\u00fcr WhatsApp! Mit &#8222;Pat&#8220; haben Sie die M\u00f6glichkeit, Ihre t\u00e4glichen Aufgaben direkt \u00fcber WhatsApp zu erledigen. Egal, ob Sie Bilder analysieren, Informationen aus dem Internet abrufen oder B\u00f6rsendaten abfragen m\u00f6chten &#8211; dieser KI-Assistent steht Ihnen jederzeit zur Verf\u00fcgung. Er basiert auf den leistungsst\u00e4rksten und datenschutzkonformen KI-Modellen, wie zum [&hellip;]<\/p>","protected":false},"author":1,"featured_media":0,"parent":0,"menu_order":0,"comment_status":"closed","ping_status":"closed","template":"","meta":{"_et_pb_use_builder":"on","_et_pb_old_content":"","_et_gb_content_width":"","inline_featured_image":false,"footnotes":""},"dipi_cpt_category":[],"class_list":["post-4329","page","type-page","status-publish","hentry"],"yoast_head":"<!-- This site is optimized with the Yoast SEO plugin v20.12 - https:\/\/yoast.com\/wordpress\/plugins\/seo\/ -->\n<title>Whatsapp - patris<\/title>\n<meta name=\"robots\" content=\"index, follow, max-snippet:-1, max-image-preview:large, max-video-preview:-1\" \/>\n<link rel=\"canonical\" href=\"https:\/\/patris.ai\/en\/whatsapp\/\" \/>\n<meta property=\"og:locale\" content=\"en_US\" \/>\n<meta property=\"og:type\" content=\"article\" \/>\n<meta property=\"og:title\" content=\"Whatsapp - patris\" \/>\n<meta property=\"og:description\" content=\"WhatsApp KI-Assistent &quot;Pat&quot;Willkommen zu Ihrem pers\u00f6nlichen KI-Assistenten f\u00fcr WhatsApp! Mit &quot;Pat&quot; haben Sie die M\u00f6glichkeit, Ihre t\u00e4glichen Aufgaben direkt \u00fcber WhatsApp zu erledigen. Egal, ob Sie Bilder analysieren, Informationen aus dem Internet abrufen oder B\u00f6rsendaten abfragen m\u00f6chten - dieser KI-Assistent steht Ihnen jederzeit zur Verf\u00fcgung. Er basiert auf den leistungsst\u00e4rksten und datenschutzkonformen KI-Modellen, wie zum [&hellip;]\" \/>\n<meta property=\"og:url\" content=\"https:\/\/patris.ai\/en\/whatsapp\/\" \/>\n<meta property=\"og:site_name\" content=\"patris\" \/>\n<meta property=\"article:modified_time\" content=\"2024-05-28T14:33:43+00:00\" \/>\n<meta name=\"twitter:card\" content=\"summary_large_image\" \/>\n<meta name=\"twitter:label1\" content=\"Est. reading time\" \/>\n\t<meta name=\"twitter:data1\" content=\"19 minutes\" \/>\n<script type=\"application\/ld+json\" class=\"yoast-schema-graph\">{\"@context\":\"https:\/\/schema.org\",\"@graph\":[{\"@type\":\"WebPage\",\"@id\":\"https:\/\/patris.ai\/whatsapp\/\",\"url\":\"https:\/\/patris.ai\/whatsapp\/\",\"name\":\"Whatsapp - patris\",\"isPartOf\":{\"@id\":\"https:\/\/patris.ai\/#website\"},\"datePublished\":\"2024-03-05T10:11:41+00:00\",\"dateModified\":\"2024-05-28T14:33:43+00:00\",\"breadcrumb\":{\"@id\":\"https:\/\/patris.ai\/whatsapp\/#breadcrumb\"},\"inLanguage\":\"en-US\",\"potentialAction\":[{\"@type\":\"ReadAction\",\"target\":[\"https:\/\/patris.ai\/whatsapp\/\"]}]},{\"@type\":\"BreadcrumbList\",\"@id\":\"https:\/\/patris.ai\/whatsapp\/#breadcrumb\",\"itemListElement\":[{\"@type\":\"ListItem\",\"position\":1,\"name\":\"Startseite\",\"item\":\"https:\/\/patris.ai\/\"},{\"@type\":\"ListItem\",\"position\":2,\"name\":\"Whatsapp\"}]},{\"@type\":\"WebSite\",\"@id\":\"https:\/\/patris.ai\/#website\",\"url\":\"https:\/\/patris.ai\/\",\"name\":\"patris\",\"description\":\"Einfache KI L\u00f6sung f\u00fcr den Mittelstand\",\"potentialAction\":[{\"@type\":\"SearchAction\",\"target\":{\"@type\":\"EntryPoint\",\"urlTemplate\":\"https:\/\/patris.ai\/?s={search_term_string}\"},\"query-input\":\"required name=search_term_string\"}],\"inLanguage\":\"en-US\"}]}<\/script>\n<!-- \/ Yoast SEO plugin. -->","yoast_head_json":{"title":"Whatsapp - patris","robots":{"index":"index","follow":"follow","max-snippet":"max-snippet:-1","max-image-preview":"max-image-preview:large","max-video-preview":"max-video-preview:-1"},"canonical":"https:\/\/patris.ai\/en\/whatsapp\/","og_locale":"en_US","og_type":"article","og_title":"Whatsapp - patris","og_description":"WhatsApp KI-Assistent \"Pat\"Willkommen zu Ihrem pers\u00f6nlichen KI-Assistenten f\u00fcr WhatsApp! Mit \"Pat\" haben Sie die M\u00f6glichkeit, Ihre t\u00e4glichen Aufgaben direkt \u00fcber WhatsApp zu erledigen. Egal, ob Sie Bilder analysieren, Informationen aus dem Internet abrufen oder B\u00f6rsendaten abfragen m\u00f6chten - dieser KI-Assistent steht Ihnen jederzeit zur Verf\u00fcgung. Er basiert auf den leistungsst\u00e4rksten und datenschutzkonformen KI-Modellen, wie zum [&hellip;]","og_url":"https:\/\/patris.ai\/en\/whatsapp\/","og_site_name":"patris","article_modified_time":"2024-05-28T14:33:43+00:00","twitter_card":"summary_large_image","twitter_misc":{"Est. reading time":"19 minutes"},"schema":{"@context":"https:\/\/schema.org","@graph":[{"@type":"WebPage","@id":"https:\/\/patris.ai\/whatsapp\/","url":"https:\/\/patris.ai\/whatsapp\/","name":"Whatsapp - patris","isPartOf":{"@id":"https:\/\/patris.ai\/#website"},"datePublished":"2024-03-05T10:11:41+00:00","dateModified":"2024-05-28T14:33:43+00:00","breadcrumb":{"@id":"https:\/\/patris.ai\/whatsapp\/#breadcrumb"},"inLanguage":"en-US","potentialAction":[{"@type":"ReadAction","target":["https:\/\/patris.ai\/whatsapp\/"]}]},{"@type":"BreadcrumbList","@id":"https:\/\/patris.ai\/whatsapp\/#breadcrumb","itemListElement":[{"@type":"ListItem","position":1,"name":"Startseite","item":"https:\/\/patris.ai\/"},{"@type":"ListItem","position":2,"name":"Whatsapp"}]},{"@type":"WebSite","@id":"https:\/\/patris.ai\/#website","url":"https:\/\/patris.ai\/","name":"patris","description":"Einfache KI L\u00f6sung f\u00fcr den Mittelstand","potentialAction":[{"@type":"SearchAction","target":{"@type":"EntryPoint","urlTemplate":"https:\/\/patris.ai\/?s={search_term_string}"},"query-input":"required name=search_term_string"}],"inLanguage":"en-US"}]}},"_links":{"self":[{"href":"https:\/\/patris.ai\/en\/wp-json\/wp\/v2\/pages\/4329","targetHints":{"allow":["GET"]}}],"collection":[{"href":"https:\/\/patris.ai\/en\/wp-json\/wp\/v2\/pages"}],"about":[{"href":"https:\/\/patris.ai\/en\/wp-json\/wp\/v2\/types\/page"}],"author":[{"embeddable":true,"href":"https:\/\/patris.ai\/en\/wp-json\/wp\/v2\/users\/1"}],"replies":[{"embeddable":true,"href":"https:\/\/patris.ai\/en\/wp-json\/wp\/v2\/comments?post=4329"}],"version-history":[{"count":16,"href":"https:\/\/patris.ai\/en\/wp-json\/wp\/v2\/pages\/4329\/revisions"}],"predecessor-version":[{"id":4547,"href":"https:\/\/patris.ai\/en\/wp-json\/wp\/v2\/pages\/4329\/revisions\/4547"}],"wp:attachment":[{"href":"https:\/\/patris.ai\/en\/wp-json\/wp\/v2\/media?parent=4329"}],"wp:term":[{"taxonomy":"dipi_cpt_category","embeddable":true,"href":"https:\/\/patris.ai\/en\/wp-json\/wp\/v2\/dipi_cpt_category?post=4329"}],"curies":[{"name":"wp","href":"https:\/\/api.w.org\/{rel}","templated":true}]}}