{"id":4709,"date":"2024-04-01T10:44:48","date_gmt":"2024-04-01T10:44:48","guid":{"rendered":"https:\/\/patris.ai\/?page_id=4709"},"modified":"2024-04-01T11:21:36","modified_gmt":"2024-04-01T11:21:36","slug":"test","status":"publish","type":"page","link":"https:\/\/patris.ai\/en\/test\/","title":{"rendered":"Test"},"content":{"rendered":"<p>[et_pb_section fb_built=&#8220;1&#8243; theme_builder_area=&#8220;post_content&#8220; _builder_version=&#8220;4.21.0&#8243; _module_preset=&#8220;default&#8220; da_is_popup=&#8220;off&#8220; da_exit_intent=&#8220;off&#8220; da_has_close=&#8220;on&#8220; da_alt_close=&#8220;off&#8220; da_dark_close=&#8220;off&#8220; da_not_modal=&#8220;on&#8220; da_is_singular=&#8220;off&#8220; da_with_loader=&#8220;off&#8220; da_has_shadow=&#8220;on&#8220; da_disable_devices=&#8220;off|off|off&#8220;][et_pb_row _builder_version=&#8220;4.21.0&#8243; _module_preset=&#8220;default&#8220; theme_builder_area=&#8220;post_content&#8220; width=&#8220;100%&#8220; hover_enabled=&#8220;0&#8243; sticky_enabled=&#8220;0&#8243;][et_pb_column _builder_version=&#8220;4.21.0&#8243; _module_preset=&#8220;default&#8220; type=&#8220;4_4&#8243; theme_builder_area=&#8220;post_content&#8220;][et_pb_code _builder_version=&#8220;4.21.0&#8243; _module_preset=&#8220;default&#8220; theme_builder_area=&#8220;post_content&#8220; hover_enabled=&#8220;0&#8243; sticky_enabled=&#8220;0&#8243;]<div class=\"card-container\"><a href=\"https:\/\/app.patris.ai\/use_case\/1\" class=\"card-link\"><div class=\"card Vertrieb\"><div class=\"card-row\"><div class=\"card-image\"><img decoding=\"async\" src=\"https:\/\/patris.ai\/wp-content\/uploads\/2024\/04\/Group-34278.jpg\" alt=\"Intelligenter Vertriebsassistent\" class=\"use-case-image\"><\/div><div class=\"card-content\"><div class=\"industry-area\">Sales<\/div><div class=\"use-case\">Intelligent sales assistant<\/div><div class=\"kurzbeschreibung\">Die KI-gest\u00fctzte Vertriebsvorbereitung erm\u00f6glicht es, schnell wissenswerte Informationen \u00fcber potenzielle Kunden und deren Unternehmen zu erlangen. Durch die Eingabe des Namens in Ihren KI-Assistenten werden relevante Daten aus dem Internet gesammelt und analysiert, um ein klares Bild der Bed\u00fcrfnisse und Anforderungen zu erstellen, die auf Ihr Produkt oder Ihre Dienstleistung zugeschnitten sind. Dies spart Arbeitszeit und verbessert die Vorbereitung f\u00fcr Verkaufs- oder Beratungsgespr\u00e4che, steigert die Vertriebseffizienz und die Qualit\u00e4t der Kundeninteraktionen.<\/div><\/div><\/div><\/div><\/a><a href=\"https:\/\/app.patris.ai\/use_case\/2\" class=\"card-link\"><div class=\"card Wissensmanagement\"><div class=\"card-row\"><div class=\"card-image\"><img decoding=\"async\" src=\"https:\/\/patris.ai\/wp-content\/uploads\/2024\/04\/Group-34276.jpg\" alt=\"Smarte Betriebsanleitung\" class=\"use-case-image\"><\/div><div class=\"card-content\"><div class=\"industry-area\">Knowledge management<\/div><div class=\"use-case\">Smart operating instructions<\/div><div class=\"kurzbeschreibung\">Precise answers to queries by analyzing operating instructions<\/div><\/div><\/div><\/div><\/a><a href=\"https:\/\/app.patris.ai\/use_case\/3\" class=\"card-link\"><div class=\"card Wissensmanagement\"><div class=\"card-row\"><div class=\"card-image\"><img decoding=\"async\" src=\"https:\/\/patris.ai\/wp-content\/uploads\/2024\/04\/Group-34276.jpg\" alt=\"Zentralisierte Wissensdatenbank\" class=\"use-case-image\"><\/div><div class=\"card-content\"><div class=\"industry-area\">Knowledge management<\/div><div class=\"use-case\">Centralized knowledge database<\/div><div class=\"kurzbeschreibung\">Talk to your company data.<\/div><\/div><\/div><\/div><\/a><a href=\"https:\/\/app.patris.ai\/use_case\/4\" class=\"card-link\"><div class=\"card Kundenservice\"><div class=\"card-row\"><div class=\"card-image\"><img decoding=\"async\" src=\"https:\/\/patris.ai\/wp-content\/uploads\/2024\/04\/Group-34274.jpg\" alt=\"Produktberatungs-Bot f\u00fcr Kunden\" class=\"use-case-image\"><\/div><div class=\"card-content\"><div class=\"industry-area\">Customer service<\/div><div class=\"use-case\">Customer support agent<\/div><div class=\"kurzbeschreibung\">Personalized customer advice from the product catalog.<\/div><\/div><\/div><\/div><\/a><a href=\"https:\/\/app.patris.ai\/use_case\/5\" class=\"card-link\"><div class=\"card Kommunikation &amp; PR\"><div class=\"card-row\"><div class=\"card-image\"><img decoding=\"async\" src=\"https:\/\/patris.ai\/wp-content\/uploads\/2024\/04\/Group-34270.jpg\" alt=\"Text\u00fcbersetzer | EN -&gt; DE\" class=\"use-case-image\"><\/div><div class=\"card-content\"><div class=\"industry-area\">Communication &amp; PR<\/div><div class=\"use-case\">Translator EN -&gt; DE<\/div><div class=\"kurzbeschreibung\">Text translation from English to German.<\/div><\/div><\/div><\/div><\/a><a href=\"https:\/\/app.patris.ai\/use_case\/6\" class=\"card-link\"><div class=\"card Kommunikation &amp; PR\"><div class=\"card-row\"><div class=\"card-image\"><img decoding=\"async\" src=\"https:\/\/patris.ai\/wp-content\/uploads\/2024\/04\/Group-34270.jpg\" alt=\"Text\u00fcbersetzer | DE -&gt; EN\" class=\"use-case-image\"><\/div><div class=\"card-content\"><div class=\"industry-area\">Communication &amp; PR<\/div><div class=\"use-case\">Translator DE -&gt; EN<\/div><div class=\"kurzbeschreibung\">Text translation from German to English.<\/div><\/div><\/div><\/div><\/a><a href=\"https:\/\/app.patris.ai\/use_case\/7\" class=\"card-link\"><div class=\"card Autopilot\"><div class=\"card-row\"><div class=\"card-image\"><img decoding=\"async\" src=\"https:\/\/patris.ai\/wp-content\/uploads\/2024\/04\/2345645.jpg\" alt=\"Intelligenter E-Mail-Router\" class=\"use-case-image\"><\/div><div class=\"card-content\"><div class=\"industry-area\">Autopilot<\/div><div class=\"use-case\">Smart e-mail router<\/div><div class=\"kurzbeschreibung\">Categorization of emails based on content (autopilot).<\/div><\/div><\/div><\/div><\/a><a href=\"https:\/\/app.patris.ai\/use_case\/8\" class=\"card-link\"><div class=\"card SEO\"><div class=\"card-row\"><div class=\"card-image\"><img decoding=\"async\" src=\"https:\/\/patris.ai\/wp-content\/uploads\/2024\/04\/Group-34279.jpg\" alt=\"SEO optimierung title &amp; description\" class=\"use-case-image\"><\/div><div class=\"card-content\"><div class=\"industry-area\">SEO<\/div><div class=\"use-case\">SEO optimierung title &amp; description<\/div><div class=\"kurzbeschreibung\">Finding the Best SEO Title and Meta Description for High CTR<\/div><\/div><\/div><\/div><\/a><\/div><!-- [et_pb_line_break_holder] --><!-- [et_pb_line_break_holder] --><\/p>\n<style><!-- [et_pb_line_break_holder] --><!-- [et_pb_line_break_holder] -->  .use-case-image {<!-- [et_pb_line_break_holder] -->  border-radius: 50%;<!-- [et_pb_line_break_holder] -->  width: 70px; \/* Breite des Bildes anpassen *\/<!-- [et_pb_line_break_holder] -->  height: 70px; \/* H\u00f6he des Bildes anpassen *\/<!-- [et_pb_line_break_holder] -->  margin-right: 15px; \/* Abstand rechts zum Text *\/<!-- [et_pb_line_break_holder] -->  object-fit: cover; \/* Stellt sicher, dass das Bildverh\u00e4ltnis erhalten bleibt *\/<!-- [et_pb_line_break_holder] -->}<!-- [et_pb_line_break_holder] -->  <!-- [et_pb_line_break_holder] -->.cards-wrapper {<!-- [et_pb_line_break_holder] -->  display: flex;<!-- [et_pb_line_break_holder] -->  flex-wrap: wrap;<!-- [et_pb_line_break_holder] -->  align-items: stretch; \/* Ensure the cards align nicely *\/<!-- [et_pb_line_break_holder] -->  gap: 20px; \/* This adds space between the cards *\/<!-- [et_pb_line_break_holder] -->  padding: 10px; \/* Padding around the container *\/<!-- [et_pb_line_break_holder] -->}<!-- [et_pb_line_break_holder] --><!-- [et_pb_line_break_holder] -->.card, .card-link{<!-- [et_pb_line_break_holder] -->  flex: 0 0 calc(50% - 20px); \/* Set the card width to half of the container width minus the gap *\/<!-- [et_pb_line_break_holder] -->  background-color: white;<!-- [et_pb_line_break_holder] -->  box-shadow: 0 4px 8px rgba(0,0,0,0.1);<!-- [et_pb_line_break_holder] -->  border-radius: 15px;<!-- [et_pb_line_break_holder] -->  margin-bottom: 20px; \/* Space between rows of cards *\/<!-- [et_pb_line_break_holder] -->  display: flex;<!-- [et_pb_line_break_holder] -->  flex-direction: column; \/* Stack the items vertically *\/<!-- [et_pb_line_break_holder] -->  justify-content: space-between; \/* Distribute space around items *\/<!-- [et_pb_line_break_holder] -->  padding: 20px;<!-- [et_pb_line_break_holder] -->  transition: box-shadow 0.3s ease;<!-- [et_pb_line_break_holder] -->}<!-- [et_pb_line_break_holder] --><!-- [et_pb_line_break_holder] --><!-- [et_pb_line_break_holder] -->.card:hover {<!-- [et_pb_line_break_holder] -->border: 2px solid #0836FC; \/* Schwarz als Farbe *\/<!-- [et_pb_line_break_holder] -->}<!-- [et_pb_line_break_holder] --><!-- [et_pb_line_break_holder] -->.card .use-case {<!-- [et_pb_line_break_holder] -->  font-size: 22px; \/* Larger font size for the use case *\/<!-- [et_pb_line_break_holder] -->  color: #303030;<!-- [et_pb_line_break_holder] -->  font-weight: bold; \/* Bold font weight for the use case *\/<!-- [et_pb_line_break_holder] -->  margin-bottom: 16px; \/* Space below the use case *\/<!-- [et_pb_line_break_holder] -->}<!-- [et_pb_line_break_holder] -->  .card-link .use-case {<!-- [et_pb_line_break_holder] -->  font-size: 22px; \/* Larger font size for the use case *\/<!-- [et_pb_line_break_holder] -->  color: #303030;<!-- [et_pb_line_break_holder] -->  font-weight: bold; \/* Bold font weight for the use case *\/<!-- [et_pb_line_break_holder] -->  margin-bottom: 16px; \/* Space below the use case *\/<!-- [et_pb_line_break_holder] -->}<!-- [et_pb_line_break_holder] --><!-- [et_pb_line_break_holder] -->.card .industry-area {<!-- [et_pb_line_break_holder] -->  font-weight:600!important;<!-- [et_pb_line_break_holder] -->  font-size: 16px; \/* Smaller font size for industry and area *\/<!-- [et_pb_line_break_holder] -->  color: #0036FC; \/* Grey text color *\/<!-- [et_pb_line_break_holder] -->  margin-bottom: 5px; \/* Space below the industry and area *\/<!-- [et_pb_line_break_holder] -->}<!-- [et_pb_line_break_holder] -->  <!-- [et_pb_line_break_holder] -->  .card-link .industry-area {<!-- [et_pb_line_break_holder] -->  font-weight:600!important;<!-- [et_pb_line_break_holder] -->  font-size: 16px; \/* Smaller font size for industry and area *\/<!-- [et_pb_line_break_holder] -->  color: #0036FC; \/* Grey text color *\/<!-- [et_pb_line_break_holder] -->  margin-bottom: 5px; \/* Space below the industry and area *\/<!-- [et_pb_line_break_holder] -->}<!-- [et_pb_line_break_holder] --><!-- [et_pb_line_break_holder] -->.card .kurzbeschreibung {<!-- [et_pb_line_break_holder] -->  font-size: 15px; \/* Font size for the *\/<!-- [et_pb_line_break_holder] -->  color: #6d6d6d; \/* Darker text color for readability *\/<!-- [et_pb_line_break_holder] -->  padding-bottom:16px;<!-- [et_pb_line_break_holder] -->}<!-- [et_pb_line_break_holder] -->    .card-link .kurzbeschreibung {<!-- [et_pb_line_break_holder] -->  font-size: 15px; \/* Font size for the *\/<!-- [et_pb_line_break_holder] -->  color: #6d6d6d; \/* Darker text color for readability *\/<!-- [et_pb_line_break_holder] -->  padding-bottom:16px;<!-- [et_pb_line_break_holder] -->}<!-- [et_pb_line_break_holder] -->  <!-- [et_pb_line_break_holder] -->.card-container {<!-- [et_pb_line_break_holder] -->    display: flex;<!-- [et_pb_line_break_holder] -->    flex-wrap: wrap;<!-- [et_pb_line_break_holder] -->    justify-content: space-around;<!-- [et_pb_line_break_holder] -->    gap: 20px; \/* Adjust the space between cards *\/<!-- [et_pb_line_break_holder] -->}<!-- [et_pb_line_break_holder] --><!-- [et_pb_line_break_holder] -->\/* Apply styles to both .card and .card-link *\/<!-- [et_pb_line_break_holder] -->.card, .card-link {<!-- [et_pb_line_break_holder] -->    flex: 0 1 calc(50% - 20px); \/* Adjust so two items fit per row, accounting for the gap *\/<!-- [et_pb_line_break_holder] -->    box-shadow: 0 2px 4px rgba(0, 0, 0, 0.1); \/* Example shadow for depth *\/<!-- [et_pb_line_break_holder] -->    margin-bottom: 20px; \/* Space between rows *\/<!-- [et_pb_line_break_holder] -->    background-color: #fff; \/* Background color *\/<!-- [et_pb_line_break_holder] -->    text-decoration: none; \/* Remove underline from links *\/<!-- [et_pb_line_break_holder] -->    color: inherit; \/* Ensure text color is consistent *\/<!-- [et_pb_line_break_holder] -->}<!-- [et_pb_line_break_holder] --><!-- [et_pb_line_break_holder] -->.card-link {<!-- [et_pb_line_break_holder] -->    display: block; \/* Make the link behave like a block element *\/<!-- [et_pb_line_break_holder] -->}<!-- [et_pb_line_break_holder] --><!-- [et_pb_line_break_holder] -->\/* This ensures that the cards don't stretch out on wider screens *\/<!-- [et_pb_line_break_holder] -->@media screen and (min-width: 992px) {<!-- [et_pb_line_break_holder] -->  .card {<!-- [et_pb_line_break_holder] -->    flex: 0 0 calc(50% - 20px); \/* Adjust the card width for larger screens *\/<!-- [et_pb_line_break_holder] -->    max-width: calc(50% - 20px); \/* Add a max-width to prevent stretching on very wide screens *\/<!-- [et_pb_line_break_holder] -->  }<!-- [et_pb_line_break_holder] -->}<!-- [et_pb_line_break_holder] --><!-- [et_pb_line_break_holder] -->\/* This ensures that the cards stack on top of each other on smaller screens *\/<!-- [et_pb_line_break_holder] -->@media screen and (max-width: 991px) {<!-- [et_pb_line_break_holder] -->  .card {<!-- [et_pb_line_break_holder] -->    flex: 0 0 100%; \/* Allow the cards to take full width on smaller screens *\/<!-- [et_pb_line_break_holder] -->    max-width: 100%;<!-- [et_pb_line_break_holder] -->  }<!-- [et_pb_line_break_holder] -->}<!-- [et_pb_line_break_holder] --><!-- [et_pb_line_break_holder] --><\/style>\n<p><!-- [et_pb_line_break_holder] -->[\/et_pb_code][\/et_pb_column][\/et_pb_row][\/et_pb_section]<\/p>","protected":false},"excerpt":{"rendered":"<div class=\"card-container\"><a href=\"https:\/\/app.patris.ai\/use_case\/1\" class=\"card-link\"><div class=\"card Vertrieb\"><div class=\"card-row\"><div class=\"card-image\"><img decoding=\"async\" src=\"https:\/\/patris.ai\/wp-content\/uploads\/2024\/04\/Group-34278.jpg\" alt=\"Intelligenter Vertriebsassistent\" class=\"use-case-image\"><\/div><div class=\"card-content\"><div class=\"industry-area\">Sales<\/div><div class=\"use-case\">Intelligent sales assistant<\/div><div class=\"kurzbeschreibung\">Die KI-gest\u00fctzte Vertriebsvorbereitung erm\u00f6glicht es, schnell wissenswerte Informationen \u00fcber potenzielle Kunden und deren Unternehmen zu erlangen. Durch die Eingabe des Namens in Ihren KI-Assistenten werden relevante Daten aus dem Internet gesammelt und analysiert, um ein klares Bild der Bed\u00fcrfnisse und Anforderungen zu erstellen, die auf Ihr Produkt oder Ihre Dienstleistung zugeschnitten sind. Dies spart Arbeitszeit und verbessert die Vorbereitung f\u00fcr Verkaufs- oder Beratungsgespr\u00e4che, steigert die Vertriebseffizienz und die Qualit\u00e4t der Kundeninteraktionen.<\/div><\/div><\/div><\/div><\/a><a href=\"https:\/\/app.patris.ai\/use_case\/2\" class=\"card-link\"><div class=\"card Wissensmanagement\"><div class=\"card-row\"><div class=\"card-image\"><img decoding=\"async\" src=\"https:\/\/patris.ai\/wp-content\/uploads\/2024\/04\/Group-34276.jpg\" alt=\"Smarte Betriebsanleitung\" class=\"use-case-image\"><\/div><div class=\"card-content\"><div class=\"industry-area\">Knowledge management<\/div><div class=\"use-case\">Smart operating instructions<\/div><div class=\"kurzbeschreibung\">Precise answers to queries by analyzing operating instructions<\/div><\/div><\/div><\/div><\/a><a href=\"https:\/\/app.patris.ai\/use_case\/3\" class=\"card-link\"><div class=\"card Wissensmanagement\"><div class=\"card-row\"><div class=\"card-image\"><img decoding=\"async\" src=\"https:\/\/patris.ai\/wp-content\/uploads\/2024\/04\/Group-34276.jpg\" alt=\"Zentralisierte Wissensdatenbank\" class=\"use-case-image\"><\/div><div class=\"card-content\"><div class=\"industry-area\">Knowledge management<\/div><div class=\"use-case\">Centralized knowledge database<\/div><div class=\"kurzbeschreibung\">Talk to your company data.<\/div><\/div><\/div><\/div><\/a><a href=\"https:\/\/app.patris.ai\/use_case\/4\" class=\"card-link\"><div class=\"card Kundenservice\"><div class=\"card-row\"><div class=\"card-image\"><img decoding=\"async\" src=\"https:\/\/patris.ai\/wp-content\/uploads\/2024\/04\/Group-34274.jpg\" alt=\"Produktberatungs-Bot f\u00fcr Kunden\" class=\"use-case-image\"><\/div><div class=\"card-content\"><div class=\"industry-area\">Customer service<\/div><div class=\"use-case\">Customer support agent<\/div><div class=\"kurzbeschreibung\">Personalized customer advice from the product catalog.<\/div><\/div><\/div><\/div><\/a><a href=\"https:\/\/app.patris.ai\/use_case\/5\" class=\"card-link\"><div class=\"card Kommunikation &amp; PR\"><div class=\"card-row\"><div class=\"card-image\"><img decoding=\"async\" src=\"https:\/\/patris.ai\/wp-content\/uploads\/2024\/04\/Group-34270.jpg\" alt=\"Text\u00fcbersetzer | EN -&gt; DE\" class=\"use-case-image\"><\/div><div class=\"card-content\"><div class=\"industry-area\">Communication &amp; PR<\/div><div class=\"use-case\">Translator EN -&gt; DE<\/div><div class=\"kurzbeschreibung\">Text translation from English to German.<\/div><\/div><\/div><\/div><\/a><a href=\"https:\/\/app.patris.ai\/use_case\/6\" class=\"card-link\"><div class=\"card Kommunikation &amp; PR\"><div class=\"card-row\"><div class=\"card-image\"><img decoding=\"async\" src=\"https:\/\/patris.ai\/wp-content\/uploads\/2024\/04\/Group-34270.jpg\" alt=\"Text\u00fcbersetzer | DE -&gt; EN\" class=\"use-case-image\"><\/div><div class=\"card-content\"><div class=\"industry-area\">Communication &amp; PR<\/div><div class=\"use-case\">Translator DE -&gt; EN<\/div><div class=\"kurzbeschreibung\">Text translation from German to English.<\/div><\/div><\/div><\/div><\/a><a href=\"https:\/\/app.patris.ai\/use_case\/7\" class=\"card-link\"><div class=\"card Autopilot\"><div class=\"card-row\"><div class=\"card-image\"><img decoding=\"async\" src=\"https:\/\/patris.ai\/wp-content\/uploads\/2024\/04\/2345645.jpg\" alt=\"Intelligenter E-Mail-Router\" class=\"use-case-image\"><\/div><div class=\"card-content\"><div class=\"industry-area\">Autopilot<\/div><div class=\"use-case\">Smart e-mail router<\/div><div class=\"kurzbeschreibung\">Categorization of emails based on content (autopilot).<\/div><\/div><\/div><\/div><\/a><a href=\"https:\/\/app.patris.ai\/use_case\/8\" class=\"card-link\"><div class=\"card SEO\"><div class=\"card-row\"><div class=\"card-image\"><img decoding=\"async\" src=\"https:\/\/patris.ai\/wp-content\/uploads\/2024\/04\/Group-34279.jpg\" alt=\"SEO optimierung title &amp; description\" class=\"use-case-image\"><\/div><div class=\"card-content\"><div class=\"industry-area\">SEO<\/div><div class=\"use-case\">SEO optimierung title &amp; description<\/div><div class=\"kurzbeschreibung\">Finding the Best SEO Title and Meta Description for High CTR<\/div><\/div><\/div><\/div><\/a><\/div>","protected":false},"author":1,"featured_media":0,"parent":0,"menu_order":0,"comment_status":"closed","ping_status":"closed","template":"","meta":{"_et_pb_use_builder":"on","_et_pb_old_content":"","_et_gb_content_width":"","inline_featured_image":false,"footnotes":""},"dipi_cpt_category":[],"class_list":["post-4709","page","type-page","status-publish","hentry"],"yoast_head":"<!-- This site is optimized with the Yoast SEO plugin v20.12 - https:\/\/yoast.com\/wordpress\/plugins\/seo\/ -->\n<title>Test - patris<\/title>\n<meta name=\"robots\" content=\"index, follow, max-snippet:-1, max-image-preview:large, max-video-preview:-1\" \/>\n<link rel=\"canonical\" href=\"https:\/\/patris.ai\/en\/test\/\" \/>\n<meta property=\"og:locale\" content=\"en_US\" \/>\n<meta property=\"og:type\" content=\"article\" \/>\n<meta property=\"og:title\" content=\"Test - patris\" \/>\n<meta property=\"og:url\" content=\"https:\/\/patris.ai\/en\/test\/\" \/>\n<meta property=\"og:site_name\" content=\"patris\" \/>\n<meta property=\"article:modified_time\" content=\"2024-04-01T11:21:36+00:00\" \/>\n<meta name=\"twitter:card\" content=\"summary_large_image\" \/>\n<meta name=\"twitter:description\" content=\"[generate_usecases]\" \/>\n<script type=\"application\/ld+json\" class=\"yoast-schema-graph\">{\"@context\":\"https:\/\/schema.org\",\"@graph\":[{\"@type\":\"WebPage\",\"@id\":\"https:\/\/patris.ai\/test\/\",\"url\":\"https:\/\/patris.ai\/test\/\",\"name\":\"Test - patris\",\"isPartOf\":{\"@id\":\"https:\/\/patris.ai\/#website\"},\"datePublished\":\"2024-04-01T10:44:48+00:00\",\"dateModified\":\"2024-04-01T11:21:36+00:00\",\"breadcrumb\":{\"@id\":\"https:\/\/patris.ai\/test\/#breadcrumb\"},\"inLanguage\":\"en-US\",\"potentialAction\":[{\"@type\":\"ReadAction\",\"target\":[\"https:\/\/patris.ai\/test\/\"]}]},{\"@type\":\"BreadcrumbList\",\"@id\":\"https:\/\/patris.ai\/test\/#breadcrumb\",\"itemListElement\":[{\"@type\":\"ListItem\",\"position\":1,\"name\":\"Startseite\",\"item\":\"https:\/\/patris.ai\/\"},{\"@type\":\"ListItem\",\"position\":2,\"name\":\"Test\"}]},{\"@type\":\"WebSite\",\"@id\":\"https:\/\/patris.ai\/#website\",\"url\":\"https:\/\/patris.ai\/\",\"name\":\"patris\",\"description\":\"Einfache KI L\u00f6sung f\u00fcr den Mittelstand\",\"potentialAction\":[{\"@type\":\"SearchAction\",\"target\":{\"@type\":\"EntryPoint\",\"urlTemplate\":\"https:\/\/patris.ai\/?s={search_term_string}\"},\"query-input\":\"required name=search_term_string\"}],\"inLanguage\":\"en-US\"}]}<\/script>\n<!-- \/ Yoast SEO plugin. -->","yoast_head_json":{"title":"Test - patris","robots":{"index":"index","follow":"follow","max-snippet":"max-snippet:-1","max-image-preview":"max-image-preview:large","max-video-preview":"max-video-preview:-1"},"canonical":"https:\/\/patris.ai\/en\/test\/","og_locale":"en_US","og_type":"article","og_title":"Test - patris","og_url":"https:\/\/patris.ai\/en\/test\/","og_site_name":"patris","article_modified_time":"2024-04-01T11:21:36+00:00","twitter_card":"summary_large_image","twitter_description":"[generate_usecases]","schema":{"@context":"https:\/\/schema.org","@graph":[{"@type":"WebPage","@id":"https:\/\/patris.ai\/test\/","url":"https:\/\/patris.ai\/test\/","name":"Test - patris","isPartOf":{"@id":"https:\/\/patris.ai\/#website"},"datePublished":"2024-04-01T10:44:48+00:00","dateModified":"2024-04-01T11:21:36+00:00","breadcrumb":{"@id":"https:\/\/patris.ai\/test\/#breadcrumb"},"inLanguage":"en-US","potentialAction":[{"@type":"ReadAction","target":["https:\/\/patris.ai\/test\/"]}]},{"@type":"BreadcrumbList","@id":"https:\/\/patris.ai\/test\/#breadcrumb","itemListElement":[{"@type":"ListItem","position":1,"name":"Startseite","item":"https:\/\/patris.ai\/"},{"@type":"ListItem","position":2,"name":"Test"}]},{"@type":"WebSite","@id":"https:\/\/patris.ai\/#website","url":"https:\/\/patris.ai\/","name":"patris","description":"Einfache KI L\u00f6sung f\u00fcr den Mittelstand","potentialAction":[{"@type":"SearchAction","target":{"@type":"EntryPoint","urlTemplate":"https:\/\/patris.ai\/?s={search_term_string}"},"query-input":"required name=search_term_string"}],"inLanguage":"en-US"}]}},"_links":{"self":[{"href":"https:\/\/patris.ai\/en\/wp-json\/wp\/v2\/pages\/4709","targetHints":{"allow":["GET"]}}],"collection":[{"href":"https:\/\/patris.ai\/en\/wp-json\/wp\/v2\/pages"}],"about":[{"href":"https:\/\/patris.ai\/en\/wp-json\/wp\/v2\/types\/page"}],"author":[{"embeddable":true,"href":"https:\/\/patris.ai\/en\/wp-json\/wp\/v2\/users\/1"}],"replies":[{"embeddable":true,"href":"https:\/\/patris.ai\/en\/wp-json\/wp\/v2\/comments?post=4709"}],"version-history":[{"count":7,"href":"https:\/\/patris.ai\/en\/wp-json\/wp\/v2\/pages\/4709\/revisions"}],"predecessor-version":[{"id":4738,"href":"https:\/\/patris.ai\/en\/wp-json\/wp\/v2\/pages\/4709\/revisions\/4738"}],"wp:attachment":[{"href":"https:\/\/patris.ai\/en\/wp-json\/wp\/v2\/media?parent=4709"}],"wp:term":[{"taxonomy":"dipi_cpt_category","embeddable":true,"href":"https:\/\/patris.ai\/en\/wp-json\/wp\/v2\/dipi_cpt_category?post=4709"}],"curies":[{"name":"wp","href":"https:\/\/api.w.org\/{rel}","templated":true}]}}